{"id":3615,"date":"2024-04-22T13:50:35","date_gmt":"2024-04-22T13:50:35","guid":{"rendered":"https:\/\/sahinbalikcilik.com.tr\/?page_id=3615"},"modified":"2024-04-22T13:50:35","modified_gmt":"2024-04-22T13:50:35","slug":"zeekat","status":"publish","type":"page","link":"https:\/\/sahinbalikcilik.com.tr\/index.php\/nl\/zeekat\/","title":{"rendered":"ZEEKAT"},"content":{"rendered":"<div class=\"wpb-content-wrapper\"><p>[vc_row][vc_column width=&#8221;1\/2&#8243;][vc_column_text]\t\t<div class=\"fotorama responsive-image-silder\"\r\n\t\t\tdata-width=100%\t\t\t\t\t\t\t\t\tdata-height=\"\"\t\t\t\t\t\t\t\t\t\t\t\t\t\t\t\t\t\tdata-nav=thumbs\t\t\t\t\t\tdata-navposition=bottom\t\t\t\t\t\t\t\t\t\t\t\tdata-thumbborderwidth=3\t\t\tdata-allowfullscreen=true\t\t\tdata-fit=cover\t\t\tdata-thumbfit=cover\t\t\tdata-transition=crossfade\t\t\tdata-click=true\t\t\tdata-transitionduration=300\t\t\tfalse\t\t\ttitle\t\t\tdata-hash=false\t\t\tdata-autoplay=true\t\t\tdata-stopautoplayontouch=false\t\t\tdata-loop=true\t\t\tdata-keyboard=true\t\t\tdata-arrows=true\t\t\tdata-click=true\t\t\tdata-swipe=true\t\t\tdata-trackpad=true\t\t\tdata-shuffle=false\t\t\tdata-direction=ltr\t\t\tdata-spinner=true\t\t\t>\r\n\t\t\t<img decoding=\"async\" src=\"https:\/\/sahinbalikcilik.com.tr\/wp-content\/uploads\/2024\/03\/murekkep-baligi-1.webp\" data-caption=\"\" alt=\"mu\u0308rekkep bal\u0131g\u0306\u0131\"><img decoding=\"async\" src=\"https:\/\/sahinbalikcilik.com.tr\/wp-content\/uploads\/2024\/03\/midye-02-2.webp\" data-caption=\"\" alt=\"m\u00fcrekkep bal\u0131\u011f\u0131 2\"><img decoding=\"async\" src=\"https:\/\/sahinbalikcilik.com.tr\/wp-content\/uploads\/2024\/03\/midye-03-2.webp\" data-caption=\"\" alt=\"m\u00fcrekkep bal\u0131\u011f\u0131 03\"><img decoding=\"async\" src=\"https:\/\/sahinbalikcilik.com.tr\/wp-content\/uploads\/2024\/03\/midye-04-2.webp\" data-caption=\"\" alt=\"m\u00fcrekkep bal\u0131\u011f\u0131-04\"><img decoding=\"async\" src=\"https:\/\/sahinbalikcilik.com.tr\/wp-content\/uploads\/2024\/03\/midye-05-2.webp\" data-caption=\"\" alt=\"m\u00fcrekkep bal\u0131\u011f\u0131-05\"><img decoding=\"async\" src=\"https:\/\/sahinbalikcilik.com.tr\/wp-content\/uploads\/2024\/03\/midye-06-1.webp\" data-caption=\"\" alt=\"m\u00fcrekkep bal\u0131\u011f\u0131-06\">\t\t<\/div>\r\n\t\t\t<!-- HTML Script Part Start From Here-->\r\n\t<script>\r\n\tjQuery(document).ready(function() {\r\n\t\tjQuery(function () {\r\n\t\t\tjQuery('.responsive-image-silder').fotorama({\r\n\t\t\t\tspinner: {\r\n\t\t\t\t\tlines: 13,\r\n\t\t\t\t\tcolor: 'rgba(0, 0, 0, .75)',\r\n\t\t\t\t\tclassName: 'fotorama',\r\n\t\t\t\t},\r\n\t\t\t\t\t\t\t\tautoplay : 5000,\r\n\t\t\t\t\t\t\t});\r\n\t\t});\r\n\t\t\r\n\t\tjQuery('.fotorama__stage').addClass('hvr-grow');\r\n\t});\r\n\t<\/script>\r\n\t[\/vc_column_text][vc_empty_space height=&#8221;10px&#8221;][\/vc_column][vc_column width=&#8221;1\/2&#8243;][vc_column_text]<\/p>\n<p lang=\"nl-NL\"><b>Handelsnaam: <\/b>Zeekat<\/p>\n<p lang=\"nl-NL\"><b>Wetenschappelijke naam:<\/b> Sepia officinalis<\/p>\n<p lang=\"nl-NL\"><b>Familie: <\/b>Sepiidae<\/p>\n<p lang=\"nl-NL\"><b>Vangstgebied:<\/b> De Voedsel- en Landbouworganisatie (FAO) 37.3.1<\/p>\n<p lang=\"nl-NL\"><b>Vangstmethode:<\/b> Ringzegen<\/p>\n<p lang=\"nl-NL\"><b>Visseizoen: <\/b>november &#8211; april<\/p>\n<p lang=\"nl-NL\"><b>Leveringscapaciteit: <\/b>100 ton per jaar<\/p>\n<p lang=\"nl-NL\"><b>Beschikbare Grootte:<\/b> van 100g tot 5kg<\/p>\n<p lang=\"nl-NL\"><b>Beschikbare Formaten: <\/b>WR, Buis, Ringen en Tentakel<\/p>\n<p lang=\"nl-NL\"><b>Diepvries Type:<\/b> In Blok en Individueel Snel Ingevroren (IQF)<\/p>\n<p lang=\"nl-NL\"><b>Glazuur: <\/b> % 5, 10, 20 of volgens verzoek van de klant<\/p>\n<p lang=\"nl-NL\"><b>Verpakking: <\/b> 500 g \u2013 20 kg PP, PE-zak, schotel of Kraft kartonnen doos volgens verzoek van de klant<\/p>\n<p lang=\"nl-NL\"><b>Voedingswaarden\/100g: <\/b> Calorie\u00ebn: 72, Vetten: 1g, Koolhydraten: 0g, Eiwitten: 14g<\/p>\n<p>[\/vc_column_text][\/vc_column][\/vc_row][vc_row][vc_column][vc_empty_space][\/vc_column][\/vc_row]<\/p>\n<\/div>","protected":false},"excerpt":{"rendered":"<p>[vc_row][vc_column width=&#8221;1\/2&#8243;][vc_column_text][\/vc_column_text][vc_empty_space height=&#8221;10px&#8221;][\/vc_column][vc_column width=&#8221;1\/2&#8243;][vc_column_text] Handelsnaam: Zeekat Wetenschappelijke naam: Sepia officinalis Familie: Sepiidae Vangstgebied: De Voedsel- en Landbouworganisatie (FAO) 37.3.1 Vangstmethode: Ringzegen Visseizoen: november &#8211; april Leveringscapaciteit: 100 ton per jaar Beschikbare Grootte: van&#8230;<\/p>\n","protected":false},"author":1,"featured_media":0,"parent":0,"menu_order":0,"comment_status":"closed","ping_status":"closed","template":"","meta":{"om_disable_all_campaigns":false,"inline_featured_image":false,"_monsterinsights_skip_tracking":false,"_monsterinsights_sitenote_active":false,"_monsterinsights_sitenote_note":"","_monsterinsights_sitenote_category":0,"_uf_show_specific_survey":0,"_uf_disable_surveys":false,"footnotes":""},"class_list":["post-3615","page","type-page","status-publish","hentry"],"_links":{"self":[{"href":"https:\/\/sahinbalikcilik.com.tr\/index.php\/wp-json\/wp\/v2\/pages\/3615","targetHints":{"allow":["GET"]}}],"collection":[{"href":"https:\/\/sahinbalikcilik.com.tr\/index.php\/wp-json\/wp\/v2\/pages"}],"about":[{"href":"https:\/\/sahinbalikcilik.com.tr\/index.php\/wp-json\/wp\/v2\/types\/page"}],"author":[{"embeddable":true,"href":"https:\/\/sahinbalikcilik.com.tr\/index.php\/wp-json\/wp\/v2\/users\/1"}],"replies":[{"embeddable":true,"href":"https:\/\/sahinbalikcilik.com.tr\/index.php\/wp-json\/wp\/v2\/comments?post=3615"}],"version-history":[{"count":1,"href":"https:\/\/sahinbalikcilik.com.tr\/index.php\/wp-json\/wp\/v2\/pages\/3615\/revisions"}],"predecessor-version":[{"id":3616,"href":"https:\/\/sahinbalikcilik.com.tr\/index.php\/wp-json\/wp\/v2\/pages\/3615\/revisions\/3616"}],"wp:attachment":[{"href":"https:\/\/sahinbalikcilik.com.tr\/index.php\/wp-json\/wp\/v2\/media?parent=3615"}],"curies":[{"name":"wp","href":"https:\/\/api.w.org\/{rel}","templated":true}]}}