{"id":3492,"date":"2024-04-22T07:17:31","date_gmt":"2024-04-22T07:17:31","guid":{"rendered":"https:\/\/sahinbalikcilik.com.tr\/?page_id=3492"},"modified":"2024-04-22T07:17:42","modified_gmt":"2024-04-22T07:17:42","slug":"gamba-roja","status":"publish","type":"page","link":"https:\/\/sahinbalikcilik.com.tr\/index.php\/es\/gamba-roja\/","title":{"rendered":"GAMBA ROJA"},"content":{"rendered":"<div class=\"wpb-content-wrapper\"><p>[vc_row][vc_column width=&#8221;1\/2&#8243;][vc_column_text]\t\t<div class=\"fotorama responsive-image-silder\"\r\n\t\t\tdata-width=100%\t\t\t\t\t\t\t\t\tdata-height=\"\"\t\t\t\t\t\t\t\t\t\t\t\t\t\t\t\t\t\tdata-nav=thumbs\t\t\t\t\t\tdata-navposition=bottom\t\t\t\t\t\t\t\t\t\t\t\tdata-thumbborderwidth=3\t\t\tdata-allowfullscreen=true\t\t\tdata-fit=cover\t\t\tdata-thumbfit=cover\t\t\tdata-transition=crossfade\t\t\tdata-click=true\t\t\tdata-transitionduration=300\t\t\tfalse\t\t\ttitle\t\t\tdata-hash=false\t\t\tdata-autoplay=true\t\t\tdata-stopautoplayontouch=false\t\t\tdata-loop=true\t\t\tdata-keyboard=true\t\t\tdata-arrows=true\t\t\tdata-click=true\t\t\tdata-swipe=true\t\t\tdata-trackpad=true\t\t\tdata-shuffle=false\t\t\tdata-direction=ltr\t\t\tdata-spinner=true\t\t\t>\r\n\t\t\t<img decoding=\"async\" src=\"https:\/\/sahinbalikcilik.com.tr\/wp-content\/uploads\/2024\/03\/kirmizi-karides.webp\" data-caption=\"\" alt=\"k\u0131rm\u0131z\u0131 karides\"><img decoding=\"async\" src=\"https:\/\/sahinbalikcilik.com.tr\/wp-content\/uploads\/2024\/03\/kirmizi-karides-02.webp\" data-caption=\"\" alt=\"k\u0131rm\u0131z\u0131 karides-02\"><img decoding=\"async\" src=\"https:\/\/sahinbalikcilik.com.tr\/wp-content\/uploads\/2024\/03\/kirmizi-karides-03.webp\" data-caption=\"\" alt=\"k\u0131rm\u0131z\u0131 karides-03\"><img decoding=\"async\" src=\"https:\/\/sahinbalikcilik.com.tr\/wp-content\/uploads\/2024\/03\/kirmizi-karides-04.webp\" data-caption=\"\" alt=\"k\u0131rm\u0131z\u0131 karides-04\"><img decoding=\"async\" src=\"https:\/\/sahinbalikcilik.com.tr\/wp-content\/uploads\/2024\/03\/kirmizi-karides-05.webp\" data-caption=\"\" alt=\"k\u0131rm\u0131z\u0131 karides-05\"><img decoding=\"async\" src=\"https:\/\/sahinbalikcilik.com.tr\/wp-content\/uploads\/2024\/03\/kirmizi-karides-06.webp\" data-caption=\"\" alt=\"k\u0131rm\u0131z\u0131 karides-06\">\t\t<\/div>\r\n\t\t\t<!-- HTML Script Part Start From Here-->\r\n\t<script>\r\n\tjQuery(document).ready(function() {\r\n\t\tjQuery(function () {\r\n\t\t\tjQuery('.responsive-image-silder').fotorama({\r\n\t\t\t\tspinner: {\r\n\t\t\t\t\tlines: 13,\r\n\t\t\t\t\tcolor: 'rgba(0, 0, 0, .75)',\r\n\t\t\t\t\tclassName: 'fotorama',\r\n\t\t\t\t},\r\n\t\t\t\t\t\t\t\tautoplay : 5000,\r\n\t\t\t\t\t\t\t});\r\n\t\t});\r\n\t\t\r\n\t\tjQuery('.fotorama__stage').addClass('hvr-grow');\r\n\t});\r\n\t<\/script>\r\n\t[\/vc_column_text][vc_empty_space height=&#8221;10px&#8221;][\/vc_column][vc_column width=&#8221;1\/2&#8243;][vc_column_text]<span style=\"font-size: medium;\"><span lang=\"\"><b>Nombre comercial:<\/b><\/span><\/span><span style=\"font-size: medium;\"><span lang=\"\"> Gamba roja<\/span><\/span><\/p>\n<p><span style=\"font-size: medium;\"><span lang=\"\"><b>Nombre cient\u00edfico: <\/b><\/span><\/span><span style=\"font-size: medium;\"><span lang=\"\">Aristeus Antennatus<\/span><\/span><\/p>\n<p><span style=\"font-size: medium;\"><span lang=\"\"><b>Familia:<\/b><\/span><\/span><span style=\"font-size: medium;\"><span lang=\"\"> Penaeidae<\/span><\/span><\/p>\n<p><span style=\"font-size: medium;\"><span lang=\"\"><b>Zona de captaci\u00f3n:<\/b><\/span><\/span><span style=\"font-size: medium;\"><span lang=\"\"> La Organizaci\u00f3n de las Naciones Unidas para la Agricultura y la Alimentaci\u00f3n (FAO) 37.3.1<\/span><\/span><\/p>\n<p><span style=\"font-size: medium;\"><span lang=\"\"><b>M\u00e9todo de pesca:<\/b><\/span><\/span><span style=\"font-size: medium;\"><span lang=\"\"> Arrastre de fondo<\/span><\/span><\/p>\n<p><span style=\"font-size: medium;\"><span lang=\"\"><b>Temporada de capturas:<\/b><\/span><\/span><span style=\"font-size: medium;\"><span lang=\"\"> Septiembre-abril<\/span><\/span><\/p>\n<p><span style=\"font-size: medium;\"><span lang=\"\"><b>Capacidad de entrega: <\/b><\/span><\/span><span style=\"font-size: medium;\"><span lang=\"\">100 toneladas al a\u00f1o<\/span><\/span><\/p>\n<p><span style=\"font-size: medium;\"><span lang=\"\"><b>Formato Disponible:<\/b><\/span><\/span><span style=\"font-size: medium;\"><span lang=\"\"> NATURAL, Pelado, Cabeza Abierta, Pelado F\u00e1cil, Cola Abierta<\/span><\/span><\/p>\n<p><span style=\"font-size: medium;\"><span lang=\"\"><b>Tipo de congelado:<\/b><\/span><\/span><span style=\"font-size: medium;\"><span lang=\"\"> Congelado, en bloque y ultracongelado individual (IQF)<\/span><\/span><\/p>\n<p><span style=\"font-size: medium;\"><span lang=\"\"><b>Glaseado: <\/b><\/span><\/span><span style=\"font-size: medium;\"><span lang=\"\">5, 10, 20 % o seg\u00fan pedido del cliente<\/span><\/span><\/p>\n<p><span style=\"font-size: medium;\"><span lang=\"\"><b>Disponible en: <\/b><\/span><\/span><span style=\"font-size: medium;\"><span lang=\"\">500g &#8211; 20kg PP, PE bolsa, bandeja y caja de cart\u00f3n Kraft o de acuerdo a la petici\u00f3n del cliente<\/span><\/span><\/p>\n<p><span style=\"font-size: medium;\"><span lang=\"\"><b>Valores nutricionales:<\/b><\/span><\/span><span style=\"font-size: medium;\"><span lang=\"\"> 100g Calor\u00edas: 68, Grasa: 1,73g, Carbohidratos: 0g, Prote\u00ednas: 20.3g<\/span><\/span>[\/vc_column_text][\/vc_column][\/vc_row][vc_row][vc_column][vc_empty_space][\/vc_column][\/vc_row]<\/p>\n<\/div>","protected":false},"excerpt":{"rendered":"<p>[vc_row][vc_column width=&#8221;1\/2&#8243;][vc_column_text][\/vc_column_text][vc_empty_space height=&#8221;10px&#8221;][\/vc_column][vc_column width=&#8221;1\/2&#8243;][vc_column_text]Nombre comercial: Gamba roja Nombre cient\u00edfico: Aristeus Antennatus Familia: Penaeidae Zona de captaci\u00f3n: La Organizaci\u00f3n de las Naciones Unidas para la Agricultura y la Alimentaci\u00f3n (FAO) 37.3.1 M\u00e9todo de pesca:&#8230;<\/p>\n","protected":false},"author":1,"featured_media":0,"parent":0,"menu_order":0,"comment_status":"closed","ping_status":"closed","template":"","meta":{"om_disable_all_campaigns":false,"inline_featured_image":false,"_monsterinsights_skip_tracking":false,"_monsterinsights_sitenote_active":false,"_monsterinsights_sitenote_note":"","_monsterinsights_sitenote_category":0,"_uf_show_specific_survey":0,"_uf_disable_surveys":false,"footnotes":""},"class_list":["post-3492","page","type-page","status-publish","hentry"],"_links":{"self":[{"href":"https:\/\/sahinbalikcilik.com.tr\/index.php\/wp-json\/wp\/v2\/pages\/3492","targetHints":{"allow":["GET"]}}],"collection":[{"href":"https:\/\/sahinbalikcilik.com.tr\/index.php\/wp-json\/wp\/v2\/pages"}],"about":[{"href":"https:\/\/sahinbalikcilik.com.tr\/index.php\/wp-json\/wp\/v2\/types\/page"}],"author":[{"embeddable":true,"href":"https:\/\/sahinbalikcilik.com.tr\/index.php\/wp-json\/wp\/v2\/users\/1"}],"replies":[{"embeddable":true,"href":"https:\/\/sahinbalikcilik.com.tr\/index.php\/wp-json\/wp\/v2\/comments?post=3492"}],"version-history":[{"count":2,"href":"https:\/\/sahinbalikcilik.com.tr\/index.php\/wp-json\/wp\/v2\/pages\/3492\/revisions"}],"predecessor-version":[{"id":3494,"href":"https:\/\/sahinbalikcilik.com.tr\/index.php\/wp-json\/wp\/v2\/pages\/3492\/revisions\/3494"}],"wp:attachment":[{"href":"https:\/\/sahinbalikcilik.com.tr\/index.php\/wp-json\/wp\/v2\/media?parent=3492"}],"curies":[{"name":"wp","href":"https:\/\/api.w.org\/{rel}","templated":true}]}}