{"id":3485,"date":"2024-04-22T07:12:31","date_gmt":"2024-04-22T07:12:31","guid":{"rendered":"https:\/\/sahinbalikcilik.com.tr\/?page_id=3485"},"modified":"2024-04-22T07:12:42","modified_gmt":"2024-04-22T07:12:42","slug":"calamar","status":"publish","type":"page","link":"https:\/\/sahinbalikcilik.com.tr\/index.php\/es\/calamar\/","title":{"rendered":"CALAMAR"},"content":{"rendered":"<div class=\"wpb-content-wrapper\"><p>[vc_row][vc_column width=&#8221;1\/2&#8243;][vc_empty_space][vc_column_text]\t\t<div class=\"fotorama responsive-image-silder\"\r\n\t\t\tdata-width=100%\t\t\t\t\t\t\t\t\tdata-height=\"\"\t\t\t\t\t\t\t\t\t\t\t\t\t\t\t\t\t\tdata-nav=thumbs\t\t\t\t\t\tdata-navposition=bottom\t\t\t\t\t\t\t\t\t\t\t\tdata-thumbborderwidth=3\t\t\tdata-allowfullscreen=true\t\t\tdata-fit=cover\t\t\tdata-thumbfit=cover\t\t\tdata-transition=crossfade\t\t\tdata-click=true\t\t\tdata-transitionduration=300\t\t\tfalse\t\t\ttitle\t\t\tdata-hash=false\t\t\tdata-autoplay=true\t\t\tdata-stopautoplayontouch=false\t\t\tdata-loop=true\t\t\tdata-keyboard=true\t\t\tdata-arrows=true\t\t\tdata-click=true\t\t\tdata-swipe=true\t\t\tdata-trackpad=true\t\t\tdata-shuffle=false\t\t\tdata-direction=ltr\t\t\tdata-spinner=true\t\t\t>\r\n\t\t\t<img decoding=\"async\" src=\"https:\/\/sahinbalikcilik.com.tr\/wp-content\/uploads\/2024\/03\/KALAMAR.webp\" data-caption=\"\" alt=\"KALAMAR\"><img decoding=\"async\" src=\"https:\/\/sahinbalikcilik.com.tr\/wp-content\/uploads\/2024\/03\/KALAMAR-05.webp\" data-caption=\"\" alt=\"KALAMAR-05\"><img decoding=\"async\" src=\"https:\/\/sahinbalikcilik.com.tr\/wp-content\/uploads\/2024\/03\/KALAMAR-06.webp\" data-caption=\"\" alt=\"KALAMAR-06\"><img decoding=\"async\" src=\"https:\/\/sahinbalikcilik.com.tr\/wp-content\/uploads\/2024\/03\/KALAMAR-07.webp\" data-caption=\"\" alt=\"KALAMAR-07\"><img decoding=\"async\" src=\"https:\/\/sahinbalikcilik.com.tr\/wp-content\/uploads\/2024\/03\/KALAMAR-08.webp\" data-caption=\"\" alt=\"KALAMAR-08\"><img decoding=\"async\" src=\"https:\/\/sahinbalikcilik.com.tr\/wp-content\/uploads\/2024\/03\/KALAMAR-09.webp\" data-caption=\"\" alt=\"KALAMAR-09\">\t\t<\/div>\r\n\t\t\t<!-- HTML Script Part Start From Here-->\r\n\t<script>\r\n\tjQuery(document).ready(function() {\r\n\t\tjQuery(function () {\r\n\t\t\tjQuery('.responsive-image-silder').fotorama({\r\n\t\t\t\tspinner: {\r\n\t\t\t\t\tlines: 13,\r\n\t\t\t\t\tcolor: 'rgba(0, 0, 0, .75)',\r\n\t\t\t\t\tclassName: 'fotorama',\r\n\t\t\t\t},\r\n\t\t\t\t\t\t\t\tautoplay : 5000,\r\n\t\t\t\t\t\t\t});\r\n\t\t});\r\n\t\t\r\n\t\tjQuery('.fotorama__stage').addClass('hvr-grow');\r\n\t});\r\n\t<\/script>\r\n\t[\/vc_column_text][\/vc_column][vc_column width=&#8221;1\/2&#8243;][vc_empty_space height=&#8221;10px&#8221;][vc_column_text]<span style=\"font-size: medium;\"><span lang=\"\"><b>Nombre Comercial:<\/b><\/span><\/span><span style=\"font-size: medium;\"><span lang=\"\"> Calamar EGEO<\/span><\/span><\/p>\n<p><span style=\"font-size: medium;\"><span lang=\"\"><b>Nombre cient\u00edfico:<\/b><\/span><\/span><span style=\"font-size: medium;\"><span lang=\"\"> Loligo duvauceli<\/span><\/span><\/p>\n<p><span style=\"font-size: medium;\"><span lang=\"\"><b>Familia: <\/b><\/span><\/span><span style=\"font-size: medium;\"><span lang=\"\">Loliginidae<\/span><\/span><\/p>\n<p><span style=\"font-size: medium;\"><span lang=\"\"><b>Zona de captaci\u00f3n:<\/b><\/span><\/span><span style=\"font-size: medium;\"><span lang=\"\"> La Organizaci\u00f3n de las Naciones Unidas para la Agricultura y la Alimentaci\u00f3n (FAO) 37.3.1<\/span><\/span><\/p>\n<p><span style=\"font-size: medium;\"><span lang=\"\"><b>M\u00e9todo de pesca: <\/b><\/span><\/span><span style=\"font-size: medium;\"><span lang=\"\">Arrastre de fondo<\/span><\/span><\/p>\n<p lang=\"\"><span style=\"font-size: medium;\"><b>Temporada de capturas:<\/b><\/span><\/p>\n<p><span style=\"font-size: medium;\"><span lang=\"\"><b>Capacidad de entrega:<\/b><\/span><\/span><span style=\"font-size: medium;\"><span lang=\"\"> 100 toneladas al a\u00f1o<\/span><\/span><\/p>\n<p><span style=\"font-size: medium;\"><span lang=\"\"><b>Formato disponible:<\/b><\/span><\/span><span style=\"font-size: medium;\"><span lang=\"\"> NATURAL, Pelado, \u00fcp, Anillos y Tent\u00e1culo<\/span><\/span><\/p>\n<p><span style=\"font-size: medium;\"><span lang=\"\"><b>Tipo de congelado:<\/b><\/span><\/span><span style=\"font-size: medium;\"><span lang=\"\"> Congelado, en bloque y ultracongelado individual (IQF)<\/span><\/span><\/p>\n<p><span style=\"font-size: medium;\"><span lang=\"\"><b>Glaseado:<\/b><\/span><\/span><span style=\"font-size: medium;\"><span lang=\"\"> 5, 10, 20 % o seg\u00fan pedido del cliente<\/span><\/span><\/p>\n<p><span style=\"font-size: medium;\"><span lang=\"\"><b>Disponible en:<\/b><\/span><\/span><span style=\"font-size: medium;\"><span lang=\"\"> 500g &#8211; 20kg PP, PE bolsa, bandeja y caja de cart\u00f3n Kraft o de acuerdo a la petici\u00f3n del cliente<\/span><\/span><\/p>\n<p><span style=\"font-size: medium;\"><span lang=\"\"><b>Informaci\u00f3n Nutricional:<\/b><\/span><\/span><span style=\"font-size: medium;\"><span lang=\"\"> 100g Calor\u00edas: 90g, Grasa: 1,5g, Carbohidratos: 3g, Prote\u00ednas: 16g<\/span><\/span>[\/vc_column_text][\/vc_column][\/vc_row][vc_row][vc_column][vc_empty_space][\/vc_column][\/vc_row]<\/p>\n<\/div>","protected":false},"excerpt":{"rendered":"<p>[vc_row][vc_column width=&#8221;1\/2&#8243;][vc_empty_space][vc_column_text][\/vc_column_text][\/vc_column][vc_column width=&#8221;1\/2&#8243;][vc_empty_space height=&#8221;10px&#8221;][vc_column_text]Nombre Comercial: Calamar EGEO Nombre cient\u00edfico: Loligo duvauceli Familia: Loliginidae Zona de captaci\u00f3n: La Organizaci\u00f3n de las Naciones Unidas para la Agricultura y la Alimentaci\u00f3n (FAO) 37.3.1 M\u00e9todo de pesca:&#8230;<\/p>\n","protected":false},"author":1,"featured_media":0,"parent":0,"menu_order":0,"comment_status":"closed","ping_status":"closed","template":"","meta":{"om_disable_all_campaigns":false,"inline_featured_image":false,"_monsterinsights_skip_tracking":false,"_monsterinsights_sitenote_active":false,"_monsterinsights_sitenote_note":"","_monsterinsights_sitenote_category":0,"_uf_show_specific_survey":0,"_uf_disable_surveys":false,"footnotes":""},"class_list":["post-3485","page","type-page","status-publish","hentry"],"_links":{"self":[{"href":"https:\/\/sahinbalikcilik.com.tr\/index.php\/wp-json\/wp\/v2\/pages\/3485","targetHints":{"allow":["GET"]}}],"collection":[{"href":"https:\/\/sahinbalikcilik.com.tr\/index.php\/wp-json\/wp\/v2\/pages"}],"about":[{"href":"https:\/\/sahinbalikcilik.com.tr\/index.php\/wp-json\/wp\/v2\/types\/page"}],"author":[{"embeddable":true,"href":"https:\/\/sahinbalikcilik.com.tr\/index.php\/wp-json\/wp\/v2\/users\/1"}],"replies":[{"embeddable":true,"href":"https:\/\/sahinbalikcilik.com.tr\/index.php\/wp-json\/wp\/v2\/comments?post=3485"}],"version-history":[{"count":2,"href":"https:\/\/sahinbalikcilik.com.tr\/index.php\/wp-json\/wp\/v2\/pages\/3485\/revisions"}],"predecessor-version":[{"id":3487,"href":"https:\/\/sahinbalikcilik.com.tr\/index.php\/wp-json\/wp\/v2\/pages\/3485\/revisions\/3487"}],"wp:attachment":[{"href":"https:\/\/sahinbalikcilik.com.tr\/index.php\/wp-json\/wp\/v2\/media?parent=3485"}],"curies":[{"name":"wp","href":"https:\/\/api.w.org\/{rel}","templated":true}]}}