{"id":3439,"date":"2024-04-19T12:22:12","date_gmt":"2024-04-19T12:22:12","guid":{"rendered":"https:\/\/sahinbalikcilik.com.tr\/?page_id=3439"},"modified":"2024-04-19T12:22:12","modified_gmt":"2024-04-19T12:22:12","slug":"sardinas","status":"publish","type":"page","link":"https:\/\/sahinbalikcilik.com.tr\/index.php\/es\/sardinas\/","title":{"rendered":"SARDINAS"},"content":{"rendered":"<div class=\"wpb-content-wrapper\"><p>[vc_row][vc_column width=&#8221;1\/2&#8243;][vc_empty_space height=&#8221;50px&#8221;][vc_column_text]\t\t<div class=\"fotorama responsive-image-silder\"\r\n\t\t\tdata-width=0\t\t\t\t\t\t\t\t\tdata-height=\"\"\t\t\t\t\t\t\t\t\t\t\t\t\t\t\t\t\t\tdata-nav=thumbs\t\t\t\t\t\tdata-navposition=bottom\t\t\t\t\t\t\t\t\t\t\t\tdata-thumbborderwidth=3\t\t\tdata-allowfullscreen=true\t\t\tdata-fit=scaledown\t\t\tdata-thumbfit=cover\t\t\tdata-transition=crossfade\t\t\tdata-click=true\t\t\tdata-transitionduration=300\t\t\tfalse\t\t\ttitle\t\t\tdata-hash=false\t\t\tdata-autoplay=true\t\t\tdata-stopautoplayontouch=false\t\t\tdata-loop=true\t\t\tdata-keyboard=true\t\t\tdata-arrows=true\t\t\tdata-click=true\t\t\tdata-swipe=true\t\t\tdata-trackpad=true\t\t\tdata-shuffle=false\t\t\tdata-direction=ltr\t\t\tdata-spinner=true\t\t\t>\r\n\t\t\t<img decoding=\"async\" src=\"https:\/\/sahinbalikcilik.com.tr\/wp-content\/uploads\/2024\/03\/Basliksiz-1_Calisma-Yuzeyi-1.webp\" data-caption=\"\" alt=\"1\"><img decoding=\"async\" src=\"https:\/\/sahinbalikcilik.com.tr\/wp-content\/uploads\/2024\/03\/Basliksiz-1-05.webp\" data-caption=\"\" alt=\"2\"><img decoding=\"async\" src=\"https:\/\/sahinbalikcilik.com.tr\/wp-content\/uploads\/2024\/03\/Basliksiz-1-04.webp\" data-caption=\"\" alt=\"3\"><img decoding=\"async\" src=\"https:\/\/sahinbalikcilik.com.tr\/wp-content\/uploads\/2024\/03\/Basliksiz-1-03.webp\" data-caption=\"\" alt=\"4\"><img decoding=\"async\" src=\"https:\/\/sahinbalikcilik.com.tr\/wp-content\/uploads\/2024\/03\/Basliksiz-1-02.webp\" data-caption=\"\" alt=\"5\">\t\t<\/div>\r\n\t\t\t<!-- HTML Script Part Start From Here-->\r\n\t<script>\r\n\tjQuery(document).ready(function() {\r\n\t\tjQuery(function () {\r\n\t\t\tjQuery('.responsive-image-silder').fotorama({\r\n\t\t\t\tspinner: {\r\n\t\t\t\t\tlines: 13,\r\n\t\t\t\t\tcolor: 'rgba(0, 0, 0, .75)',\r\n\t\t\t\t\tclassName: 'fotorama',\r\n\t\t\t\t},\r\n\t\t\t\t\t\t\t\tautoplay : 5000,\r\n\t\t\t\t\t\t\t});\r\n\t\t});\r\n\t\t\r\n\t\tjQuery('.fotorama__stage').addClass('hvr-grow');\r\n\t});\r\n\t<\/script>\r\n\t[\/vc_column_text][vc_empty_space height=&#8221;10px&#8221;][\/vc_column][vc_column width=&#8221;1\/2&#8243;][vc_column_text]<\/p>\n<p lang=\"\"><span style=\"font-size: medium;\"><b>Nombre comercial: <\/b>Sardina<\/span><\/p>\n<p lang=\"\"><span style=\"font-size: medium;\"><b>Nombre cient\u00edfico: <\/b>Sardina pilchardus<\/span><\/p>\n<p lang=\"\"><span style=\"font-size: medium;\"><b>Familia:<\/b> Clupeidae<\/span><\/p>\n<p lang=\"\"><span style=\"font-size: medium;\"><b>Zona de captura: <\/b>Organizaci\u00f3n de las Naciones Unidas para la Agricultura y la Alimentaci\u00f3n (FAO) 37.3.1, 37.4.1 y 37.4.2<\/span><\/p>\n<p lang=\"\"><span style=\"font-size: medium;\"><b>M\u00e9todo de pesca: <\/b>red de arrastre<\/span><\/p>\n<p lang=\"\"><span style=\"font-size: medium;\"><b>Temporada de capturas:<\/b> De septiembre a abril<\/span><\/p>\n<p lang=\"\"><span style=\"font-size: medium;\"><b>Capacidad de entrega:<\/b> 1000 toneladas al a\u00f1o<\/span><\/p>\n<p lang=\"\"><span style=\"font-size: medium;\"><b>Formato disponible: <\/b>Entero, decapitado, fileteado y marinado<\/span><\/p>\n<p lang=\"\"><span style=\"font-size: medium;\"><b>Tipo de congelado: <\/b>Congelado r\u00e1pido en bloque e individual (IQF)<\/span><\/p>\n<p lang=\"\"><span style=\"font-size: medium;\"><b>Glaseado: <\/b>5, 10, 20 % o seg\u00fan pedido del cliente<\/span><\/p>\n<p lang=\"\"><span style=\"font-size: medium;\"><b>Disponible en: <\/b>500g &#8211; 20kg PP, PE bolsa, bandeja y caja de cart\u00f3n Kraft o de acuerdo a la petici\u00f3n del cliente<\/span><\/p>\n<p lang=\"\"><span style=\"font-size: medium;\"><b>Valores nutricionales:<\/b> 100g Calor\u00edas: 207, Grasa: 9,4g, Carbohidratos: 0g, Prote\u00ednas: 17.1g<\/span><\/p>\n<p>[\/vc_column_text][\/vc_column][vc_column][vc_empty_space][\/vc_column][\/vc_row]<\/p>\n<\/div>","protected":false},"excerpt":{"rendered":"<p>[vc_row][vc_column width=&#8221;1\/2&#8243;][vc_empty_space height=&#8221;50px&#8221;][vc_column_text][\/vc_column_text][vc_empty_space height=&#8221;10px&#8221;][\/vc_column][vc_column width=&#8221;1\/2&#8243;][vc_column_text] Nombre comercial: Sardina Nombre cient\u00edfico: Sardina pilchardus Familia: Clupeidae Zona de captura: Organizaci\u00f3n de las Naciones Unidas para la Agricultura y la Alimentaci\u00f3n (FAO) 37.3.1, 37.4.1 y 37.4.2&#8230;<\/p>\n","protected":false},"author":1,"featured_media":0,"parent":0,"menu_order":0,"comment_status":"closed","ping_status":"closed","template":"","meta":{"om_disable_all_campaigns":false,"inline_featured_image":false,"_monsterinsights_skip_tracking":false,"_monsterinsights_sitenote_active":false,"_monsterinsights_sitenote_note":"","_monsterinsights_sitenote_category":0,"_uf_show_specific_survey":0,"_uf_disable_surveys":false,"footnotes":""},"class_list":["post-3439","page","type-page","status-publish","hentry"],"_links":{"self":[{"href":"https:\/\/sahinbalikcilik.com.tr\/index.php\/wp-json\/wp\/v2\/pages\/3439","targetHints":{"allow":["GET"]}}],"collection":[{"href":"https:\/\/sahinbalikcilik.com.tr\/index.php\/wp-json\/wp\/v2\/pages"}],"about":[{"href":"https:\/\/sahinbalikcilik.com.tr\/index.php\/wp-json\/wp\/v2\/types\/page"}],"author":[{"embeddable":true,"href":"https:\/\/sahinbalikcilik.com.tr\/index.php\/wp-json\/wp\/v2\/users\/1"}],"replies":[{"embeddable":true,"href":"https:\/\/sahinbalikcilik.com.tr\/index.php\/wp-json\/wp\/v2\/comments?post=3439"}],"version-history":[{"count":3,"href":"https:\/\/sahinbalikcilik.com.tr\/index.php\/wp-json\/wp\/v2\/pages\/3439\/revisions"}],"predecessor-version":[{"id":3442,"href":"https:\/\/sahinbalikcilik.com.tr\/index.php\/wp-json\/wp\/v2\/pages\/3439\/revisions\/3442"}],"wp:attachment":[{"href":"https:\/\/sahinbalikcilik.com.tr\/index.php\/wp-json\/wp\/v2\/media?parent=3439"}],"curies":[{"name":"wp","href":"https:\/\/api.w.org\/{rel}","templated":true}]}}