{"id":3416,"date":"2024-04-19T11:21:31","date_gmt":"2024-04-19T11:21:31","guid":{"rendered":"https:\/\/sahinbalikcilik.com.tr\/?page_id=3416"},"modified":"2024-05-09T07:57:09","modified_gmt":"2024-05-09T07:57:09","slug":"sostenibilidad","status":"publish","type":"page","link":"https:\/\/sahinbalikcilik.com.tr\/index.php\/es\/sostenibilidad\/","title":{"rendered":"SOSTENIBILIDAD"},"content":{"rendered":"<div class=\"wpb-content-wrapper\"><p>[vc_row][vc_column width=&#8221;1\/2&#8243;][vc_single_image image=&#8221;3710&#8243; img_size=&#8221;full&#8221;][vc_empty_space][\/vc_column][vc_column width=&#8221;1\/2&#8243;][vc_column_text]<span style=\"font-size: medium;\"><span lang=\"\">El \u015eahin Grup, que procesa y comercializa tanto productos de la pesca como de la acuicultura, se compromete a cumplir la legislaci\u00f3n medioambiental y agr\u00edcola en todos los procesos de producci\u00f3n y cumple plenamente todas las obligaciones legales necesarias.<\/span><\/span><\/p>\n<p lang=\"\"><span style=\"font-size: medium;\">Nuestro Grupo produce productos acu\u00edcolas con m\u00e1s de 100 barcos pesqueros y adopta los principios de sostenibilidad y cero residuos en todos los procesos.<\/span><\/p>\n<p lang=\"\"><span style=\"font-size: medium;\">&#8211; Los barcos pesqueros no dejan residuos de acuerdo con la legislaci\u00f3n medioambiental.<\/span><\/p>\n<p lang=\"\"><span style=\"font-size: medium;\">&#8211; Los barcos no sobrepescan en el marco de la legislaci\u00f3n agr\u00edcola y respetan las tallas de los productos en la pesca.<\/span><\/p>\n<p lang=\"\"><span style=\"font-size: medium;\">&#8211; Los productos capturados se envasan en cajas reciclables.<\/span><\/p>\n<p lang=\"\"><span style=\"font-size: medium;\">&#8211; Los residuos de la acuicultura producidos en la planta de transformaci\u00f3n se entregan a las f\u00e1bricas de materias primas para piensos.<\/span><\/p>\n<p>[\/vc_column_text][\/vc_column][\/vc_row]<\/p>\n<\/div>","protected":false},"excerpt":{"rendered":"<p>[vc_row][vc_column width=&#8221;1\/2&#8243;][vc_single_image image=&#8221;3710&#8243; img_size=&#8221;full&#8221;][vc_empty_space][\/vc_column][vc_column width=&#8221;1\/2&#8243;][vc_column_text]El \u015eahin Grup, que procesa y comercializa tanto productos de la pesca como de la acuicultura, se compromete a cumplir la legislaci\u00f3n medioambiental y agr\u00edcola en todos los procesos&#8230;<\/p>\n","protected":false},"author":1,"featured_media":0,"parent":0,"menu_order":0,"comment_status":"closed","ping_status":"closed","template":"","meta":{"om_disable_all_campaigns":false,"inline_featured_image":false,"_monsterinsights_skip_tracking":false,"_monsterinsights_sitenote_active":false,"_monsterinsights_sitenote_note":"","_monsterinsights_sitenote_category":0,"_uf_show_specific_survey":0,"_uf_disable_surveys":false,"footnotes":""},"class_list":["post-3416","page","type-page","status-publish","hentry"],"_links":{"self":[{"href":"https:\/\/sahinbalikcilik.com.tr\/index.php\/wp-json\/wp\/v2\/pages\/3416","targetHints":{"allow":["GET"]}}],"collection":[{"href":"https:\/\/sahinbalikcilik.com.tr\/index.php\/wp-json\/wp\/v2\/pages"}],"about":[{"href":"https:\/\/sahinbalikcilik.com.tr\/index.php\/wp-json\/wp\/v2\/types\/page"}],"author":[{"embeddable":true,"href":"https:\/\/sahinbalikcilik.com.tr\/index.php\/wp-json\/wp\/v2\/users\/1"}],"replies":[{"embeddable":true,"href":"https:\/\/sahinbalikcilik.com.tr\/index.php\/wp-json\/wp\/v2\/comments?post=3416"}],"version-history":[{"count":3,"href":"https:\/\/sahinbalikcilik.com.tr\/index.php\/wp-json\/wp\/v2\/pages\/3416\/revisions"}],"predecessor-version":[{"id":3720,"href":"https:\/\/sahinbalikcilik.com.tr\/index.php\/wp-json\/wp\/v2\/pages\/3416\/revisions\/3720"}],"wp:attachment":[{"href":"https:\/\/sahinbalikcilik.com.tr\/index.php\/wp-json\/wp\/v2\/media?parent=3416"}],"curies":[{"name":"wp","href":"https:\/\/api.w.org\/{rel}","templated":true}]}}