{"id":3405,"date":"2024-04-19T09:48:56","date_gmt":"2024-04-19T09:48:56","guid":{"rendered":"https:\/\/sahinbalikcilik.com.tr\/?page_id=3405"},"modified":"2025-03-06T07:32:24","modified_gmt":"2025-03-06T07:32:24","slug":"nuestra-vision-y-politica-de-calidad","status":"publish","type":"page","link":"https:\/\/sahinbalikcilik.com.tr\/index.php\/es\/nuestra-vision-y-politica-de-calidad\/","title":{"rendered":"NUESTRA VISI\u00d3N Y POL\u00cdTICA DE CALIDAD"},"content":{"rendered":"<div class=\"wpb-content-wrapper\"><p>[vc_row][vc_column][vc_single_image image=&#8221;3708&#8243; img_size=&#8221;full&#8221;][vc_empty_space][\/vc_column][\/vc_row][vc_row][vc_column][vc_column_text]<\/p>\n<p lang=\"\"><span style=\"font-size: medium;\"><b>Nuestra Visi\u00f3n<\/b><\/span><\/p>\n<p lang=\"\"><span style=\"font-size: medium;\">Nuestra visi\u00f3n es ser uno de los pioneros de las exportaciones de pesca y acuicultura sostenibles en nuestro pa\u00eds protegiendo la rica biodiversidad de nuestros mares hasta 2030 y tener una voz global en nuestro sector.<\/span><\/p>\n<p lang=\"\"><span style=\"font-size: medium;\"><b>Nuestra Pol\u00edtica de Calidad<\/b><\/span><\/p>\n<p><span style=\"font-size: medium;\"><span lang=\"\">El Grupo \u015eahin se compromete a adquirir, procesar, envasar y entregar a los consumidores todos los productos de la pesca y la acuicultura en condiciones de m\u00e1xima higiene y calidad. Aplica normas de calidad internacionales (APPCC) como la ISO 9001:2015 (Sistema de Gesti\u00f3n de la Calidad) y la ISO 22000:2005 (Sistema de Gesti\u00f3n de la Seguridad Alimentaria) en todas las fases y tiene como objetivo la satisfacci\u00f3n institucionalizada del cliente a largo plazo.<\/span><\/span>[\/vc_column_text][vc_empty_space height=&#8221;50px&#8221;][vc_media_grid grid_id=&#8221;vc_gid:1741246330340-ba4cdead-e0d9-8&#8243; include=&#8221;3883,3882,3881,3880,3879,3878,3877,3876,3875,3874&#8243;][\/vc_column][\/vc_row][vc_row][vc_column width=&#8221;1\/4&#8243;][\/vc_column][vc_column width=&#8221;1\/4&#8243;][\/vc_column][vc_column width=&#8221;1\/4&#8243;][\/vc_column][vc_column width=&#8221;1\/4&#8243;][\/vc_column][\/vc_row][vc_row][vc_column width=&#8221;1\/4&#8243;][\/vc_column][vc_column width=&#8221;1\/4&#8243;][\/vc_column][vc_column width=&#8221;1\/4&#8243;][\/vc_column][vc_column width=&#8221;1\/4&#8243;][\/vc_column][\/vc_row]<\/p>\n<\/div>","protected":false},"excerpt":{"rendered":"<p>[vc_row][vc_column][vc_single_image image=&#8221;3708&#8243; img_size=&#8221;full&#8221;][vc_empty_space][\/vc_column][\/vc_row][vc_row][vc_column][vc_column_text] Nuestra Visi\u00f3n Nuestra visi\u00f3n es ser uno de los pioneros de las exportaciones de pesca y acuicultura sostenibles en nuestro pa\u00eds protegiendo la rica biodiversidad de nuestros mares hasta 2030&#8230;<\/p>\n","protected":false},"author":1,"featured_media":0,"parent":0,"menu_order":0,"comment_status":"closed","ping_status":"closed","template":"","meta":{"om_disable_all_campaigns":false,"inline_featured_image":false,"_monsterinsights_skip_tracking":false,"_monsterinsights_sitenote_active":false,"_monsterinsights_sitenote_note":"","_monsterinsights_sitenote_category":0,"_uf_show_specific_survey":0,"_uf_disable_surveys":false,"footnotes":""},"class_list":["post-3405","page","type-page","status-publish","hentry"],"_links":{"self":[{"href":"https:\/\/sahinbalikcilik.com.tr\/index.php\/wp-json\/wp\/v2\/pages\/3405","targetHints":{"allow":["GET"]}}],"collection":[{"href":"https:\/\/sahinbalikcilik.com.tr\/index.php\/wp-json\/wp\/v2\/pages"}],"about":[{"href":"https:\/\/sahinbalikcilik.com.tr\/index.php\/wp-json\/wp\/v2\/types\/page"}],"author":[{"embeddable":true,"href":"https:\/\/sahinbalikcilik.com.tr\/index.php\/wp-json\/wp\/v2\/users\/1"}],"replies":[{"embeddable":true,"href":"https:\/\/sahinbalikcilik.com.tr\/index.php\/wp-json\/wp\/v2\/comments?post=3405"}],"version-history":[{"count":9,"href":"https:\/\/sahinbalikcilik.com.tr\/index.php\/wp-json\/wp\/v2\/pages\/3405\/revisions"}],"predecessor-version":[{"id":3891,"href":"https:\/\/sahinbalikcilik.com.tr\/index.php\/wp-json\/wp\/v2\/pages\/3405\/revisions\/3891"}],"wp:attachment":[{"href":"https:\/\/sahinbalikcilik.com.tr\/index.php\/wp-json\/wp\/v2\/media?parent=3405"}],"curies":[{"name":"wp","href":"https:\/\/api.w.org\/{rel}","templated":true}]}}