{"id":3395,"date":"2024-04-19T09:40:22","date_gmt":"2024-04-19T09:40:22","guid":{"rendered":"https:\/\/sahinbalikcilik.com.tr\/?page_id=3395"},"modified":"2025-01-22T12:41:21","modified_gmt":"2025-01-22T12:41:21","slug":"las-empresas-de-nuestro-grupo","status":"publish","type":"page","link":"https:\/\/sahinbalikcilik.com.tr\/index.php\/es\/las-empresas-de-nuestro-grupo\/","title":{"rendered":"LAS EMPRESAS DE NUESTRO GRUPO"},"content":{"rendered":"<div class=\"wpb-content-wrapper\"><p>[vc_row][vc_column width=&#8221;1\/2&#8243;][vc_single_image image=&#8221;1511&#8243; img_size=&#8221;full&#8221; alignment=&#8221;center&#8221; css=&#8221;.vc_custom_1710400632634{margin-top: 250px !important;}&#8221;][vc_empty_space height=&#8221;10px&#8221;][\/vc_column][vc_column width=&#8221;1\/2&#8243;][vc_row_inner][vc_column_inner width=&#8221;1\/3&#8243;][vc_empty_space height=&#8221;10px&#8221;][vc_single_image image=&#8221;2397&#8243; alignment=&#8221;center&#8221;][\/vc_column_inner][vc_column_inner width=&#8221;2\/3&#8243;][vc_empty_space height=&#8221;60px&#8221;][vc_column_text]<\/p>\n<p style=\"text-align: center;\"><strong>\u015eahin Bal\u0131k\u00e7\u0131l\u0131k<\/strong><\/p>\n<p>[\/vc_column_text][vc_empty_space height=&#8221;60px&#8221;][\/vc_column_inner][\/vc_row_inner][vc_row_inner][vc_column_inner width=&#8221;1\/3&#8243;][vc_empty_space height=&#8221;10px&#8221;][vc_single_image image=&#8221;2315&#8243; alignment=&#8221;center&#8221;][\/vc_column_inner][vc_column_inner width=&#8221;2\/3&#8243;][vc_empty_space height=&#8221;60px&#8221;][vc_column_text]<\/p>\n<p style=\"text-align: center;\"><strong>\u015eahin Group<\/strong><\/p>\n<p>[\/vc_column_text][vc_empty_space height=&#8221;60px&#8221;][\/vc_column_inner][\/vc_row_inner][vc_row_inner][vc_column_inner width=&#8221;1\/3&#8243;][vc_empty_space height=&#8221;10px&#8221;][vc_single_image image=&#8221;2320&#8243; alignment=&#8221;center&#8221;][\/vc_column_inner][vc_column_inner width=&#8221;2\/3&#8243;][vc_empty_space height=&#8221;60px&#8221;][vc_column_text]<\/p>\n<p style=\"text-align: center;\"><strong><span style=\"font-size: medium;\">\u015eahin Clima Fr\u00edo<\/span><\/strong><\/p>\n<p>[\/vc_column_text][vc_empty_space height=&#8221;60px&#8221;][\/vc_column_inner][\/vc_row_inner][vc_row_inner][vc_column_inner width=&#8221;1\/3&#8243;][vc_empty_space height=&#8221;10px&#8221;][vc_single_image image=&#8221;2321&#8243; alignment=&#8221;center&#8221;][\/vc_column_inner][vc_column_inner width=&#8221;2\/3&#8243;][vc_empty_space height=&#8221;60px&#8221;][vc_column_text]<\/p>\n<div>\n<div>\n<div style=\"text-align: center;\"><strong>\u015eAH\u0130N NAKL\u0130YAT<\/strong><\/div>\n<\/div>\n<\/div>\n<p>[\/vc_column_text][vc_empty_space height=&#8221;60px&#8221;][\/vc_column_inner][\/vc_row_inner][vc_row_inner][vc_column_inner width=&#8221;1\/3&#8243;][vc_empty_space height=&#8221;10px&#8221;][vc_single_image image=&#8221;2327&#8243; alignment=&#8221;center&#8221;][\/vc_column_inner][vc_column_inner width=&#8221;2\/3&#8243;][vc_empty_space height=&#8221;60px&#8221;][vc_column_text]<\/p>\n<div>\n<div>\n<div style=\"text-align: center;\"><strong>MEHMET \u015eAH\u0130N \u00c7AKAN LTD \u015eT\u0130<\/strong><\/div>\n<\/div>\n<\/div>\n<p>[\/vc_column_text][vc_empty_space height=&#8221;60px&#8221;][\/vc_column_inner][\/vc_row_inner][vc_row_inner][vc_column_inner width=&#8221;1\/3&#8243;][vc_empty_space height=&#8221;10px&#8221;][vc_single_image image=&#8221;2400&#8243; alignment=&#8221;center&#8221; onclick=&#8221;custom_link&#8221; link=&#8221;https:\/\/fishmatefood.com\/&#8221;][\/vc_column_inner][vc_column_inner width=&#8221;2\/3&#8243;][vc_empty_space height=&#8221;60px&#8221;][vc_column_text]<\/p>\n<p lang=\"\" style=\"text-align: center;\"><strong><span style=\"font-size: medium;\">FISHMATE (EMPRESA ASOCIADA)<\/span><\/strong><\/p>\n<p>[\/vc_column_text][vc_empty_space height=&#8221;60px&#8221;][\/vc_column_inner][\/vc_row_inner][\/vc_column][\/vc_row]<\/p>\n<\/div>","protected":false},"excerpt":{"rendered":"<p>[vc_row][vc_column width=&#8221;1\/2&#8243;][vc_single_image image=&#8221;1511&#8243; img_size=&#8221;full&#8221; alignment=&#8221;center&#8221; css=&#8221;.vc_custom_1710400632634{margin-top: 250px !important;}&#8221;][vc_empty_space height=&#8221;10px&#8221;][\/vc_column][vc_column width=&#8221;1\/2&#8243;][vc_row_inner][vc_column_inner width=&#8221;1\/3&#8243;][vc_empty_space height=&#8221;10px&#8221;][vc_single_image image=&#8221;2397&#8243; alignment=&#8221;center&#8221;][\/vc_column_inner][vc_column_inner width=&#8221;2\/3&#8243;][vc_empty_space height=&#8221;60px&#8221;][vc_column_text] \u015eahin Bal\u0131k\u00e7\u0131l\u0131k [\/vc_column_text][vc_empty_space height=&#8221;60px&#8221;][\/vc_column_inner][\/vc_row_inner][vc_row_inner][vc_column_inner width=&#8221;1\/3&#8243;][vc_empty_space height=&#8221;10px&#8221;][vc_single_image image=&#8221;2315&#8243; alignment=&#8221;center&#8221;][\/vc_column_inner][vc_column_inner width=&#8221;2\/3&#8243;][vc_empty_space height=&#8221;60px&#8221;][vc_column_text] \u015eahin Group [\/vc_column_text][vc_empty_space height=&#8221;60px&#8221;][\/vc_column_inner][\/vc_row_inner][vc_row_inner][vc_column_inner width=&#8221;1\/3&#8243;][vc_empty_space height=&#8221;10px&#8221;][vc_single_image image=&#8221;2320&#8243;&#8230;<\/p>\n","protected":false},"author":1,"featured_media":0,"parent":0,"menu_order":0,"comment_status":"closed","ping_status":"closed","template":"","meta":{"om_disable_all_campaigns":false,"inline_featured_image":false,"_monsterinsights_skip_tracking":false,"_monsterinsights_sitenote_active":false,"_monsterinsights_sitenote_note":"","_monsterinsights_sitenote_category":0,"_uf_show_specific_survey":0,"_uf_disable_surveys":false,"footnotes":""},"class_list":["post-3395","page","type-page","status-publish","hentry"],"_links":{"self":[{"href":"https:\/\/sahinbalikcilik.com.tr\/index.php\/wp-json\/wp\/v2\/pages\/3395","targetHints":{"allow":["GET"]}}],"collection":[{"href":"https:\/\/sahinbalikcilik.com.tr\/index.php\/wp-json\/wp\/v2\/pages"}],"about":[{"href":"https:\/\/sahinbalikcilik.com.tr\/index.php\/wp-json\/wp\/v2\/types\/page"}],"author":[{"embeddable":true,"href":"https:\/\/sahinbalikcilik.com.tr\/index.php\/wp-json\/wp\/v2\/users\/1"}],"replies":[{"embeddable":true,"href":"https:\/\/sahinbalikcilik.com.tr\/index.php\/wp-json\/wp\/v2\/comments?post=3395"}],"version-history":[{"count":4,"href":"https:\/\/sahinbalikcilik.com.tr\/index.php\/wp-json\/wp\/v2\/pages\/3395\/revisions"}],"predecessor-version":[{"id":3856,"href":"https:\/\/sahinbalikcilik.com.tr\/index.php\/wp-json\/wp\/v2\/pages\/3395\/revisions\/3856"}],"wp:attachment":[{"href":"https:\/\/sahinbalikcilik.com.tr\/index.php\/wp-json\/wp\/v2\/media?parent=3395"}],"curies":[{"name":"wp","href":"https:\/\/api.w.org\/{rel}","templated":true}]}}