{"id":3392,"date":"2024-04-19T09:28:27","date_gmt":"2024-04-19T09:28:27","guid":{"rendered":"https:\/\/sahinbalikcilik.com.tr\/?page_id=3392"},"modified":"2024-04-19T12:10:38","modified_gmt":"2024-04-19T12:10:38","slug":"sobre-nosotros","status":"publish","type":"page","link":"https:\/\/sahinbalikcilik.com.tr\/index.php\/es\/sobre-nosotros\/","title":{"rendered":"SOBRE NOSOTROS"},"content":{"rendered":"<div class=\"wpb-content-wrapper\"><p>[vc_row][vc_column][vc_row_inner css=&#8221;.vc_custom_1449140720718{margin-bottom: 0px !important;}&#8221;][vc_column_inner offset=&#8221;vc_hidden-xs&#8221; css=&#8221;.vc_custom_1449140656921{margin-bottom: 80px !important;}&#8221;][rev_slider_vc alias=&#8221;about_us_slider&#8221;][vc_column_text css=&#8221;.vc_custom_1713515667714{margin-bottom: 30px !important;}&#8221;]<\/p>\n<p lang=\"\"><span style=\"font-size: medium;\"><b>SOBRE NOSOTROS<\/b><\/span><\/p>\n<p><span style=\"font-size: medium;\"><span lang=\"\">Desde 1989, Mehmet \u015eahin \u00c7AKAN, que ha trabajado en muchos \u00e1mbitos del sector pesquero, cre\u00f3 su propia empresa de transportes en 2005. As\u00ed, empez\u00f3 a transportar el pescado suministrado por los barcos de la cadena de fr\u00edo a trav\u00e9s de su propia flota. En 2007, Mehmet \u015eahin \u00c7akan fund\u00f3 \u00c7akan Bal\u0131k\u00e7\u0131l\u0131k Ltd. \u015eti. y contin\u00faa sus actividades, que comenzaron con 1 buque pesquero, con una flota pesquera de m\u00e1s de 100 barcos.<\/span><\/span><\/p>\n<p><span style=\"font-size: medium;\"><span lang=\"\">En 2012, Mehmet \u015eahin \u00c7akan cre\u00f3 la Planta de Procesado de Pescado por Aire Fr\u00edo y empez\u00f3 a exportar a muchos pa\u00edses, como Grecia, Italia, Rep\u00fablica Popular China, B\u00e9lgica, Francia, Francia, Kuwait, Qatar, L\u00edbano y Rep\u00fablica Turca del Norte de Chipre, desde la Planta de Procesado de Pescado, que ampli\u00f3 y moderniz\u00f3 en 2016. A partir de 2023, pretende aumentar su cuota en el mercado europeo cooperando con la empresa Fishmate, que opera en B\u00e9lgica.<\/span><\/span><\/p>\n<p><span style=\"font-size: medium;\"><span lang=\"\">\u00c7akan, que contin\u00faa con sus actividades comerciales, por un lado, desempe\u00f1a un papel activo en organizaciones econ\u00f3micas y de responsabilidad social que contribuyen al sector de la acuicultura, por otro. En 2010, Mehmet \u015eahin \u00c7AKAN, que fue elegido Presidente de la Asociaci\u00f3n de Empresarios Pescadores de Izmir, fue elegido miembro de la Asamblea de la C\u00e1mara de Comercio de Izmir en 2013 y elegido miembro del Consejo de Administraci\u00f3n de la C\u00e1mara de Comercio de Izmir en 2018. Desde 2018, es Presidente del Grupo de Trabajo de Pesca de Esmirna, y desde 2022, es Presidente de la Comisi\u00f3n de Agricultura de la C\u00e1mara de Comercio de Esmirna. Desde 2020, es miembro del Patronato de la Fundaci\u00f3n de la Universidad de Econom\u00eda de Esmirna, y desde 2022, es miembro de la Junta Directiva de la Asociaci\u00f3n de Exportadores de Productos Animales del Egeo. Desde hace un a\u00f1o es Presidente del Consejo de Administraci\u00f3n de la Zona Industrial Organizada de Invernaderos Especializados (Recursos Geot\u00e9rmicos) de Dikili.<\/span><\/span><\/p>\n<p><span style=\"font-size: medium;\"><span lang=\"\">Mehmet \u015eahin \u00c7AKAN, que aspira a servir a geograf\u00edas m\u00e1s amplias con sus productos naturales y de alta calidad aumentando la diversidad de productos en el sector pesquero, sigue prestando servicios integrados dentro del Grupo \u015eahin con las actividades de pesca, log\u00edstica, venta al por mayor, almacenamiento frigor\u00edfico, procesamiento y, especialmente, distribuci\u00f3n y comercializaci\u00f3n de productos del mar orientadas a la exportaci\u00f3n.<\/span><\/span>[\/vc_column_text][\/vc_column_inner][\/vc_row_inner][\/vc_column][\/vc_row]<\/p>\n<\/div>","protected":false},"excerpt":{"rendered":"<p>[vc_row][vc_column][vc_row_inner css=&#8221;.vc_custom_1449140720718{margin-bottom: 0px !important;}&#8221;][vc_column_inner offset=&#8221;vc_hidden-xs&#8221; css=&#8221;.vc_custom_1449140656921{margin-bottom: 80px !important;}&#8221;][rev_slider_vc alias=&#8221;about_us_slider&#8221;][vc_column_text css=&#8221;.vc_custom_1713515667714{margin-bottom: 30px !important;}&#8221;] SOBRE NOSOTROS Desde 1989, Mehmet \u015eahin \u00c7AKAN, que ha trabajado en muchos \u00e1mbitos del sector pesquero, cre\u00f3 su propia empresa de&#8230;<\/p>\n","protected":false},"author":1,"featured_media":0,"parent":0,"menu_order":0,"comment_status":"closed","ping_status":"closed","template":"","meta":{"om_disable_all_campaigns":false,"inline_featured_image":false,"_monsterinsights_skip_tracking":false,"_monsterinsights_sitenote_active":false,"_monsterinsights_sitenote_note":"","_monsterinsights_sitenote_category":0,"_uf_show_specific_survey":0,"_uf_disable_surveys":false,"footnotes":""},"class_list":["post-3392","page","type-page","status-publish","hentry"],"_links":{"self":[{"href":"https:\/\/sahinbalikcilik.com.tr\/index.php\/wp-json\/wp\/v2\/pages\/3392","targetHints":{"allow":["GET"]}}],"collection":[{"href":"https:\/\/sahinbalikcilik.com.tr\/index.php\/wp-json\/wp\/v2\/pages"}],"about":[{"href":"https:\/\/sahinbalikcilik.com.tr\/index.php\/wp-json\/wp\/v2\/types\/page"}],"author":[{"embeddable":true,"href":"https:\/\/sahinbalikcilik.com.tr\/index.php\/wp-json\/wp\/v2\/users\/1"}],"replies":[{"embeddable":true,"href":"https:\/\/sahinbalikcilik.com.tr\/index.php\/wp-json\/wp\/v2\/comments?post=3392"}],"version-history":[{"count":2,"href":"https:\/\/sahinbalikcilik.com.tr\/index.php\/wp-json\/wp\/v2\/pages\/3392\/revisions"}],"predecessor-version":[{"id":3394,"href":"https:\/\/sahinbalikcilik.com.tr\/index.php\/wp-json\/wp\/v2\/pages\/3392\/revisions\/3394"}],"wp:attachment":[{"href":"https:\/\/sahinbalikcilik.com.tr\/index.php\/wp-json\/wp\/v2\/media?parent=3392"}],"curies":[{"name":"wp","href":"https:\/\/api.w.org\/{rel}","templated":true}]}}