{"id":3241,"date":"2024-04-17T10:26:01","date_gmt":"2024-04-17T10:26:01","guid":{"rendered":"https:\/\/sahinbalikcilik.com.tr\/?page_id=3241"},"modified":"2025-03-06T07:31:43","modified_gmt":"2025-03-06T07:31:43","slug":"la-nostra-visione-e-politica-della-qualita","status":"publish","type":"page","link":"https:\/\/sahinbalikcilik.com.tr\/index.php\/it\/la-nostra-visione-e-politica-della-qualita\/","title":{"rendered":"LA NOSTRA VISIONE E POLITICA DELLA QUALIT\u00c0"},"content":{"rendered":"<div class=\"wpb-content-wrapper\"><p>[vc_row][vc_column][vc_single_image image=&#8221;3708&#8243; img_size=&#8221;full&#8221;][vc_empty_space][\/vc_column][\/vc_row][vc_row][vc_column][vc_column_text]<\/p>\n<p class=\"p1\"><strong>La Nostra Visione<\/strong><\/p>\n<p>La nostra visione \u00e8 quella di essere uno dei pionieri delle esportazioni sostenibili di pesca e acquacoltura nel nostro Paese e di avere voce in capitolo nel nostro settore a livello globale entro il 2030, proteggendo la ricca biodiversit\u00e0 dei nostri mari.<\/p>\n<p><strong>La Nostra Politica Della Qualit\u00e0<\/strong><\/p>\n<p>Il Gruppo \u015eahin si impegna a fornire, lavorare, confezionare e consegnare ai consumatori tutti i prodotti provenienti dalla pesca e dall&#8217;acquacoltura nelle massime condizioni di igiene e qualit\u00e0. La nostra azienda mira alla soddisfazione del cliente istituzionalizzato a lungo termine applicando standard di qualit\u00e0 internazionali (HACCP) come ISO 9001:2015 (Sistema di gestione della qualit\u00e0) e ISO 22000:2005 (Sistema di gestione della sicurezza alimentare) in tutte le fasi.[\/vc_column_text][vc_empty_space height=&#8221;50px&#8221;][vc_media_grid grid_id=&#8221;vc_gid:1741246280896-79fc12e7-4d26-3&#8243; include=&#8221;3883,3882,3881,3880,3879,3878,3877,3876,3875,3874&#8243;][\/vc_column][\/vc_row][vc_row][vc_column width=&#8221;1\/4&#8243;][\/vc_column][vc_column width=&#8221;1\/4&#8243;][\/vc_column][vc_column width=&#8221;1\/4&#8243;][\/vc_column][vc_column width=&#8221;1\/4&#8243;][\/vc_column][\/vc_row][vc_row][vc_column width=&#8221;1\/4&#8243;][\/vc_column][vc_column width=&#8221;1\/4&#8243;][\/vc_column][vc_column width=&#8221;1\/4&#8243;][\/vc_column][vc_column width=&#8221;1\/4&#8243;][\/vc_column][\/vc_row]<\/p>\n<\/div>","protected":false},"excerpt":{"rendered":"<p>[vc_row][vc_column][vc_single_image image=&#8221;3708&#8243; img_size=&#8221;full&#8221;][vc_empty_space][\/vc_column][\/vc_row][vc_row][vc_column][vc_column_text] La Nostra Visione La nostra visione \u00e8 quella di essere uno dei pionieri delle esportazioni sostenibili di pesca e acquacoltura nel nostro Paese e di avere voce in capitolo nel&#8230;<\/p>\n","protected":false},"author":1,"featured_media":0,"parent":0,"menu_order":0,"comment_status":"closed","ping_status":"closed","template":"","meta":{"om_disable_all_campaigns":false,"inline_featured_image":false,"_monsterinsights_skip_tracking":false,"_monsterinsights_sitenote_active":false,"_monsterinsights_sitenote_note":"","_monsterinsights_sitenote_category":0,"_uf_show_specific_survey":0,"_uf_disable_surveys":false,"footnotes":""},"class_list":["post-3241","page","type-page","status-publish","hentry"],"_links":{"self":[{"href":"https:\/\/sahinbalikcilik.com.tr\/index.php\/wp-json\/wp\/v2\/pages\/3241","targetHints":{"allow":["GET"]}}],"collection":[{"href":"https:\/\/sahinbalikcilik.com.tr\/index.php\/wp-json\/wp\/v2\/pages"}],"about":[{"href":"https:\/\/sahinbalikcilik.com.tr\/index.php\/wp-json\/wp\/v2\/types\/page"}],"author":[{"embeddable":true,"href":"https:\/\/sahinbalikcilik.com.tr\/index.php\/wp-json\/wp\/v2\/users\/1"}],"replies":[{"embeddable":true,"href":"https:\/\/sahinbalikcilik.com.tr\/index.php\/wp-json\/wp\/v2\/comments?post=3241"}],"version-history":[{"count":9,"href":"https:\/\/sahinbalikcilik.com.tr\/index.php\/wp-json\/wp\/v2\/pages\/3241\/revisions"}],"predecessor-version":[{"id":3890,"href":"https:\/\/sahinbalikcilik.com.tr\/index.php\/wp-json\/wp\/v2\/pages\/3241\/revisions\/3890"}],"wp:attachment":[{"href":"https:\/\/sahinbalikcilik.com.tr\/index.php\/wp-json\/wp\/v2\/media?parent=3241"}],"curies":[{"name":"wp","href":"https:\/\/api.w.org\/{rel}","templated":true}]}}