{"id":3155,"date":"2024-04-05T13:56:17","date_gmt":"2024-04-05T13:56:17","guid":{"rendered":"https:\/\/sahinbalikcilik.com.tr\/?page_id=3155"},"modified":"2024-04-05T13:56:30","modified_gmt":"2024-04-05T13:56:30","slug":"karakatica","status":"publish","type":"page","link":"https:\/\/sahinbalikcilik.com.tr\/index.php\/ru\/karakatica\/","title":{"rendered":"\u041a\u0410\u0420\u0410\u041a\u0410\u0422\u0418\u0426\u0410"},"content":{"rendered":"<div class=\"wpb-content-wrapper\"><p>[vc_row][vc_column width=&#8221;1\/2&#8243;][vc_column_text]\t\t<div class=\"fotorama responsive-image-silder\"\r\n\t\t\tdata-width=100%\t\t\t\t\t\t\t\t\tdata-height=\"\"\t\t\t\t\t\t\t\t\t\t\t\t\t\t\t\t\t\tdata-nav=thumbs\t\t\t\t\t\tdata-navposition=bottom\t\t\t\t\t\t\t\t\t\t\t\tdata-thumbborderwidth=3\t\t\tdata-allowfullscreen=true\t\t\tdata-fit=cover\t\t\tdata-thumbfit=cover\t\t\tdata-transition=crossfade\t\t\tdata-click=true\t\t\tdata-transitionduration=300\t\t\tfalse\t\t\ttitle\t\t\tdata-hash=false\t\t\tdata-autoplay=true\t\t\tdata-stopautoplayontouch=false\t\t\tdata-loop=true\t\t\tdata-keyboard=true\t\t\tdata-arrows=true\t\t\tdata-click=true\t\t\tdata-swipe=true\t\t\tdata-trackpad=true\t\t\tdata-shuffle=false\t\t\tdata-direction=ltr\t\t\tdata-spinner=true\t\t\t>\r\n\t\t\t<img decoding=\"async\" src=\"https:\/\/sahinbalikcilik.com.tr\/wp-content\/uploads\/2024\/03\/murekkep-baligi-1.webp\" data-caption=\"\" alt=\"mu\u0308rekkep bal\u0131g\u0306\u0131\"><img decoding=\"async\" src=\"https:\/\/sahinbalikcilik.com.tr\/wp-content\/uploads\/2024\/03\/midye-02-2.webp\" data-caption=\"\" alt=\"m\u00fcrekkep bal\u0131\u011f\u0131 2\"><img decoding=\"async\" src=\"https:\/\/sahinbalikcilik.com.tr\/wp-content\/uploads\/2024\/03\/midye-03-2.webp\" data-caption=\"\" alt=\"m\u00fcrekkep bal\u0131\u011f\u0131 03\"><img decoding=\"async\" src=\"https:\/\/sahinbalikcilik.com.tr\/wp-content\/uploads\/2024\/03\/midye-04-2.webp\" data-caption=\"\" alt=\"m\u00fcrekkep bal\u0131\u011f\u0131-04\"><img decoding=\"async\" src=\"https:\/\/sahinbalikcilik.com.tr\/wp-content\/uploads\/2024\/03\/midye-05-2.webp\" data-caption=\"\" alt=\"m\u00fcrekkep bal\u0131\u011f\u0131-05\"><img decoding=\"async\" src=\"https:\/\/sahinbalikcilik.com.tr\/wp-content\/uploads\/2024\/03\/midye-06-1.webp\" data-caption=\"\" alt=\"m\u00fcrekkep bal\u0131\u011f\u0131-06\">\t\t<\/div>\r\n\t\t\t<!-- HTML Script Part Start From Here-->\r\n\t<script>\r\n\tjQuery(document).ready(function() {\r\n\t\tjQuery(function () {\r\n\t\t\tjQuery('.responsive-image-silder').fotorama({\r\n\t\t\t\tspinner: {\r\n\t\t\t\t\tlines: 13,\r\n\t\t\t\t\tcolor: 'rgba(0, 0, 0, .75)',\r\n\t\t\t\t\tclassName: 'fotorama',\r\n\t\t\t\t},\r\n\t\t\t\t\t\t\t\tautoplay : 5000,\r\n\t\t\t\t\t\t\t});\r\n\t\t});\r\n\t\t\r\n\t\tjQuery('.fotorama__stage').addClass('hvr-grow');\r\n\t});\r\n\t<\/script>\r\n\t[\/vc_column_text][vc_empty_space height=&#8221;10px&#8221;][\/vc_column][vc_column width=&#8221;1\/2&#8243;][vc_column_text]<strong>\u0422\u043e\u0440\u0433\u043e\u0432\u043e\u0435 \u043d\u0430\u0437\u0432\u0430\u043d\u0438\u0435:<\/strong> \u041a\u0410\u0420\u0410\u041a\u0410\u0422\u0418\u0426\u0410<\/p>\n<p><strong>\u041d\u0430\u0443\u0447\u043d\u043e\u0435 \u043d\u0430\u0437\u0432\u0430\u043d\u0438\u0435:<\/strong> Sepia officinalis<\/p>\n<p><strong>\u0421\u0435\u043c\u0435\u0439\u0441\u0442\u0432\u043e:<\/strong> Sepiidae<\/p>\n<p><strong>\u0422\u0435\u0440\u0440\u0438\u0442\u043e\u0440\u0438\u044f \u043b\u043e\u0432\u043b\u0438:<\/strong> \u041f\u0440\u043e\u0434\u043e\u0432\u043e\u043b\u044c\u0441\u0442\u0432\u0435\u043d\u043d\u0430\u044f \u0438 \u0441\u0435\u043b\u044c\u0441\u043a\u043e\u0445\u043e\u0437\u044f\u0439\u0441\u0442\u0432\u0435\u043d\u043d\u0430\u044f \u043e\u0440\u0433\u0430\u043d\u0438\u0437\u0430\u0446\u0438\u044f (\u0424\u0410\u041e) 37.3.1<\/p>\n<p><strong>\u041c\u0435\u0442\u043e\u0434 \u043b\u043e\u0432\u043b\u0438: <\/strong>\u0422\u0420\u0410\u0412\u041b\u042f<\/p>\n<p><strong>\u0421\u0435\u0437\u043e\u043d \u043b\u043e\u0432\u043b\u0438:<\/strong> \u043d\u043e\u044f\u0431\u0440\u044c &#8211; \u0430\u043f\u0440\u0435\u043b\u044c<\/p>\n<p><strong>\u041c\u043e\u0449\u043d\u043e\u0441\u0442\u044c \u043f\u043e\u0441\u0442\u0430\u0432\u043e\u043a:<\/strong> 100 \u0442\u043e\u043d\u043d \u0432 \u0433\u043e\u0434<\/p>\n<p><strong>\u0414\u043e\u0441\u0442\u0443\u043f\u043d\u044b\u0439 \u0440\u0430\u0437\u043c\u0435\u0440:<\/strong> \u043e\u0442 100 \u0433 \u0434\u043e 5 \u043a\u0433<\/p>\n<p><strong>\u0414\u043e\u0441\u0442\u0443\u043f\u043d\u044b\u0435 \u0444\u043e\u0440\u043c\u0430\u0442\u044b:<\/strong> WR, \u0442\u0440\u0443\u0431\u043a\u0430, \u043a\u043e\u043b\u044c\u0446\u0430 \u0438 \u0449\u0443\u043f\u0430\u043b\u044c\u0446\u0430<\/p>\n<p><strong>\u0417\u0430\u043c\u043e\u0440\u043e\u0436\u0435\u043d\u043d\u044b\u0439 \u0442\u0438\u043f:<\/strong> \u0411\u043b\u043e\u043a \u0438 \u0438\u043d\u0434\u0438\u0432\u0438\u0434\u0443\u0430\u043b\u044c\u043d\u0430\u044f \u0431\u044b\u0441\u0442\u0440\u0430\u044f \u0437\u0430\u043c\u043e\u0440\u043e\u0437\u043a\u0430 (IQF)<\/p>\n<p><strong>\u0413\u043b\u0430\u0437\u0438\u0440\u043e\u0432\u0430\u043d\u0438\u0435: <\/strong>5, 10, 20 % \u0438\u043b\u0438 \u0432 \u0441\u043e\u043e\u0442\u0432\u0435\u0442\u0441\u0442\u0432\u0438\u0438 \u0441 \u0437\u0430\u043f\u0440\u043e\u0441\u043e\u043c \u043a\u043b\u0438\u0435\u043d\u0442\u0430<\/p>\n<p><strong>\u0414\u043e\u0441\u0442\u0443\u043f\u043d\u043e \u0432: <\/strong>500 \u0433 &#8211; 20 \u043a\u0433 \u0432 \u043f\u043e\u043b\u0438\u043f\u0440\u043e\u043f\u0438\u043b\u0435\u043d\u043e\u0432\u044b\u0445, \u043f\u043e\u043b\u0438\u044d\u0442\u0438\u043b\u0435\u043d\u043e\u0432\u044b\u0445 \u043c\u0435\u0448\u043a\u0430\u0445, \u043b\u043e\u0442\u043a\u0430\u0445 \u0438 \u043a\u0440\u0430\u0444\u0442-\u043a\u0430\u0440\u0442\u043e\u043d\u043d\u044b\u0445 \u043a\u043e\u0440\u043e\u0431\u043a\u0430\u0445 \u0438\u043b\u0438 \u0432 \u0441\u043e\u043e\u0442\u0432\u0435\u0442\u0441\u0442\u0432\u0438\u0438 \u0441 \u0437\u0430\u043f\u0440\u043e\u0441\u043e\u043c \u043a\u043b\u0438\u0435\u043d\u0442\u0430.<\/p>\n<p><strong>\u041f\u0438\u0449\u0435\u0432\u0430\u044f \u0446\u0435\u043d\u043d\u043e\u0441\u0442\u044c: <\/strong>100\u0433 \u041a\u0430\u043b\u043e\u0440\u0438\u0438: 72\u0433, \u0416\u0438\u0440: 1 \u0433, \u0443\u0433\u043b\u0435\u0432\u043e\u0434\u044b: 0 \u0433, \u0431\u0435\u043b\u043e\u043a: 14g[\/vc_column_text][\/vc_column][\/vc_row][vc_row][vc_column][vc_empty_space][\/vc_column][\/vc_row]<\/p>\n<\/div>","protected":false},"excerpt":{"rendered":"<p>[vc_row][vc_column width=&#8221;1\/2&#8243;][vc_column_text][\/vc_column_text][vc_empty_space height=&#8221;10px&#8221;][\/vc_column][vc_column width=&#8221;1\/2&#8243;][vc_column_text]\u0422\u043e\u0440\u0433\u043e\u0432\u043e\u0435 \u043d\u0430\u0437\u0432\u0430\u043d\u0438\u0435: \u041a\u0410\u0420\u0410\u041a\u0410\u0422\u0418\u0426\u0410 \u041d\u0430\u0443\u0447\u043d\u043e\u0435 \u043d\u0430\u0437\u0432\u0430\u043d\u0438\u0435: Sepia officinalis \u0421\u0435\u043c\u0435\u0439\u0441\u0442\u0432\u043e: Sepiidae \u0422\u0435\u0440\u0440\u0438\u0442\u043e\u0440\u0438\u044f \u043b\u043e\u0432\u043b\u0438: \u041f\u0440\u043e\u0434\u043e\u0432\u043e\u043b\u044c\u0441\u0442\u0432\u0435\u043d\u043d\u0430\u044f \u0438 \u0441\u0435\u043b\u044c\u0441\u043a\u043e\u0445\u043e\u0437\u044f\u0439\u0441\u0442\u0432\u0435\u043d\u043d\u0430\u044f \u043e\u0440\u0433\u0430\u043d\u0438\u0437\u0430\u0446\u0438\u044f (\u0424\u0410\u041e) 37.3.1 \u041c\u0435\u0442\u043e\u0434 \u043b\u043e\u0432\u043b\u0438: \u0422\u0420\u0410\u0412\u041b\u042f \u0421\u0435\u0437\u043e\u043d \u043b\u043e\u0432\u043b\u0438: \u043d\u043e\u044f\u0431\u0440\u044c &#8211; \u0430\u043f\u0440\u0435\u043b\u044c \u041c\u043e\u0449\u043d\u043e\u0441\u0442\u044c \u043f\u043e\u0441\u0442\u0430\u0432\u043e\u043a: 100 \u0442\u043e\u043d\u043d \u0432&#8230;<\/p>\n","protected":false},"author":1,"featured_media":0,"parent":0,"menu_order":0,"comment_status":"closed","ping_status":"closed","template":"","meta":{"om_disable_all_campaigns":false,"inline_featured_image":false,"_monsterinsights_skip_tracking":false,"_monsterinsights_sitenote_active":false,"_monsterinsights_sitenote_note":"","_monsterinsights_sitenote_category":0,"_uf_show_specific_survey":0,"_uf_disable_surveys":false,"footnotes":""},"class_list":["post-3155","page","type-page","status-publish","hentry"],"_links":{"self":[{"href":"https:\/\/sahinbalikcilik.com.tr\/index.php\/wp-json\/wp\/v2\/pages\/3155","targetHints":{"allow":["GET"]}}],"collection":[{"href":"https:\/\/sahinbalikcilik.com.tr\/index.php\/wp-json\/wp\/v2\/pages"}],"about":[{"href":"https:\/\/sahinbalikcilik.com.tr\/index.php\/wp-json\/wp\/v2\/types\/page"}],"author":[{"embeddable":true,"href":"https:\/\/sahinbalikcilik.com.tr\/index.php\/wp-json\/wp\/v2\/users\/1"}],"replies":[{"embeddable":true,"href":"https:\/\/sahinbalikcilik.com.tr\/index.php\/wp-json\/wp\/v2\/comments?post=3155"}],"version-history":[{"count":2,"href":"https:\/\/sahinbalikcilik.com.tr\/index.php\/wp-json\/wp\/v2\/pages\/3155\/revisions"}],"predecessor-version":[{"id":3157,"href":"https:\/\/sahinbalikcilik.com.tr\/index.php\/wp-json\/wp\/v2\/pages\/3155\/revisions\/3157"}],"wp:attachment":[{"href":"https:\/\/sahinbalikcilik.com.tr\/index.php\/wp-json\/wp\/v2\/media?parent=3155"}],"curies":[{"name":"wp","href":"https:\/\/api.w.org\/{rel}","templated":true}]}}