{"id":3099,"date":"2024-04-04T15:17:53","date_gmt":"2024-04-04T15:17:53","guid":{"rendered":"https:\/\/sahinbalikcilik.com.tr\/?page_id=3099"},"modified":"2024-05-30T11:52:21","modified_gmt":"2024-05-30T11:52:21","slug":"kontaktnaja-informacija","status":"publish","type":"page","link":"https:\/\/sahinbalikcilik.com.tr\/index.php\/ru\/kontaktnaja-informacija\/","title":{"rendered":"\u041a\u041e\u041d\u0422\u0410\u041a\u0422\u041d\u0410\u042f \u0418\u041d\u0424\u041e\u0420\u041c\u0410\u0426\u0418\u042f"},"content":{"rendered":"<div class=\"wpb-content-wrapper\"><p>[vc_row css=&#8221;.vc_custom_1449207080478{margin-bottom: 60px !important;}&#8221;][vc_column offset=&#8221;vc_col-lg-4 vc_col-md-4&#8243; css=&#8221;.vc_custom_1449207085340{margin-bottom: 30px !important;}&#8221;][vc_column_text]<\/p>\n<h2><span lang=\"ru-RU\" style=\"font-size: 18pt;\">\u0421\u0412\u042f\u0416\u0418\u0422\u0415\u0421\u042c \u0421 \u041d\u0410\u041c\u0418<\/span><\/h2>\n<p><span style=\"font-size: medium;\"><span lang=\"ru-RU\">\u041f\u043e\u0436\u0430\u043b\u0443\u0439\u0441\u0442\u0430, \u0437\u0430\u043f\u043e\u043b\u043d\u0438\u0442\u0435 \u0444\u043e\u0440\u043c\u0443 \u0441\u0431\u043e\u043a\u0443, \u0447\u0442\u043e\u0431\u044b \u043f\u043e\u043b\u0443\u0447\u0438\u0442\u044c \u043f\u043e\u0434\u0440\u043e\u0431\u043d\u0443\u044e \u0438\u043d\u0444\u043e\u0440\u043c\u0430\u0446\u0438\u044e \u043e \u043d\u0430\u0448\u0435\u0439 \u043a\u043e\u043c\u043f\u0430\u043d\u0438\u0438, \u043d\u0430\u0448\u0435\u0439 \u043f\u0440\u043e\u0434\u0443\u043a\u0446\u0438\u0438 \u0438 \u044d\u0442\u0430\u043f\u0430\u0445 \u043f\u0440\u043e\u0438\u0437\u0432\u043e\u0434\u0441\u0442\u0432\u0430.<\/span><\/span>[\/vc_column_text][\/vc_column][vc_column offset=&#8221;vc_col-lg-8 vc_col-md-8&#8243; css=&#8221;.vc_custom_1709584729259{margin-bottom: 45px !important;padding-top: 20px !important;background-color: #183650 !important;}&#8221;][vc_tta_tabs][vc_tta_section title=&#8221;\u041e\u0442\u0434\u0435\u043b \u044d\u043a\u0441\u043f\u043e\u0440\u0442\u0430&#8221; tab_id=&#8221;1709972305627-6a6c0b31-28c907f2-ab09&#8243;]\n<div class=\"wpcf7 no-js\" id=\"wpcf7-f3760-o1\" lang=\"en-US\" dir=\"ltr\">\n<div class=\"screen-reader-response\"><p role=\"status\" aria-live=\"polite\" aria-atomic=\"true\"><\/p> <ul><\/ul><\/div>\n<form action=\"\/index.php\/wp-json\/wp\/v2\/pages\/3099#wpcf7-f3760-o1\" method=\"post\" class=\"wpcf7-form init\" aria-label=\"Contact form\" novalidate=\"novalidate\" data-status=\"init\">\n<div style=\"display: none;\">\n<input type=\"hidden\" name=\"_wpcf7\" value=\"3760\" \/>\n<input type=\"hidden\" name=\"_wpcf7_version\" value=\"5.9.2\" \/>\n<input type=\"hidden\" name=\"_wpcf7_locale\" value=\"en_US\" \/>\n<input type=\"hidden\" name=\"_wpcf7_unit_tag\" value=\"wpcf7-f3760-o1\" \/>\n<input type=\"hidden\" name=\"_wpcf7_container_post\" value=\"0\" \/>\n<input type=\"hidden\" name=\"_wpcf7_posted_data_hash\" value=\"\" \/>\n<\/div>\n<p><!DOCTYPE html>\n<\/p>\n<html lang=\"tr\">\n\t<head>\n <meta charset=\"UTF-8\" \/>\n <meta name=\"viewport\" content=\"width=device-width, initial-scale=1.0\" \/>\n <link rel=\"stylesheet\" href=\"https:\/\/maxcdn.bootstrapcdn.com\/bootstrap\/4.0.0\/css\/bootstrap.min.css\" \/>\n\t<\/head>\n\t<body>\n\t\t<div class=\"container\">\n\t\t\t<div class=\"request_quote\">\n\t\t\t\t<div class=\"row\">\n\t\t\t\t\t<div class=\"col-lg-6 col-md-6 col-sm-6 col-xs-12\">\n\t\t\t\t\t\t<div class=\"input-group\">\n\t\t\t\t\t\t\t<p><input type=\"text\" id=\"name\" name=\"name\" placeholder=\"\u0418\u043c\u044f\" autocomplete=\"off\" \/>\n\t\t\t\t\t\t\t<\/p>\n\t\t\t\t\t\t<\/div>\n\t\t\t\t\t\t<div class=\"input-group\">\n\t\t\t\t\t\t\t<p><input type=\"text\" id=\"surname\" name=\"surname\" placeholder=\"\u0424\u0430\u043c\u0438\u043b\u0438\u044f\n\" autocomplete=\"off\" \/>\n\t\t\t\t\t\t\t<\/p>\n\t\t\t\t\t\t<\/div>\n\t\t\t\t\t\t<div class=\"input-group\">\n\t\t\t\t\t\t\t<p><input type=\"text\" id=\"phone\" name=\"phone\" placeholder=\"\u041d\u043e\u043c\u0435\u0440 \u0442\u0435\u043b\u0435\u0444\u043e\u043d\u0430\n\" autocomplete=\"off\" \/>\n\t\t\t\t\t\t\t<\/p>\n\t\t\t\t\t\t<\/div>\n\t\t\t\t\t<\/div>\n\t\t\t\t\t<div class=\"col-lg-6 col-md-6 col-sm-6 col-xs-12\">\n\t\t\t\t\t\t<div class=\"input-group\">\n\t\t\t\t\t\t\t<p><input type=\"email\" id=\"email\" name=\"email\" placeholder=\"\u042d\u043b\u0435\u043a\u0442\u0440\u043e\u043d\u043d\u0430\u044f \u043f\u043e\u0447\u0442\u0430\n\" autocomplete=\"off\" \/>\n\t\t\t\t\t\t\t<\/p>\n\t\t\t\t\t\t<\/div>\n\t\t\t\t\t\t<div class=\"input-group\">\n\t\t\t\t\t\t\t<p><textarea id=\"message\" name=\"message\" placeholder=\"Message\" autocomplete=\"off\"><\/textarea>\n\t\t\t\t\t\t\t<\/p>\n\t\t\t\t\t\t<\/div>\n\t\t\t\t\t\t<div class=\"input-group\">\n\t\t\t\t\t\t\t<p><button class=\"button size-sm fullwidth black-text theme-wpcf7-submit\" onclick=\"sendEmail()\">\u041e\u0442\u043f\u0440\u0430\u0432\u0438\u0442\u044c <i class=\"stm-arrow-next\"><\/i><\/button>\n\t\t\t\t\t\t\t<\/p>\n\t\t\t\t\t\t<\/div>\n\t\t\t\t\t<\/div>\n\t\t\t\t<\/div>\n\t\t\t<\/div>\n\t\t<\/div>\n\t\t<p><script>\n function sendEmail() {\n \/\/ Form verilerini al\n var name = document.getElementById(\"name\").value;\n var surname = document.getElementById(\"surname\").value;\n var phone = document.getElementById(\"phone\").value;\n var email = document.getElementById(\"email\").value;\n var message = document.getElementById(\"message\").value;\n\n \/\/ Bo\u015f alan kontrol\u00fc yap\n if (name === '' || surname === '' || phone === '' || email === '' || message === '') {\n alert(\"L\u00fctfen t\u00fcm alanlar\u0131 doldurun.\");\n return;\n }\n\n \/\/ Form verilerini i\u015fle ve mail g\u00f6nder\n \/\/ ...\n }\n <\/script>\n\t\t<\/p>\n\t<\/body>\n<\/html><p style=\"display: none !important;\" class=\"akismet-fields-container\" data-prefix=\"_wpcf7_ak_\"><label>&#916;<textarea name=\"_wpcf7_ak_hp_textarea\" cols=\"45\" rows=\"8\" maxlength=\"100\"><\/textarea><\/label><input type=\"hidden\" id=\"ak_js_1\" name=\"_wpcf7_ak_js\" value=\"241\"\/><script>document.getElementById( \"ak_js_1\" ).setAttribute( \"value\", ( new Date() ).getTime() );<\/script><\/p><div class=\"wpcf7-response-output\" aria-hidden=\"true\"><\/div>\n<\/form>\n<\/div>\n[\/vc_tta_section][vc_tta_section title=&#8221;\u041e\u0442\u0434\u0435\u043b \u043f\u0440\u043e\u0434\u0430\u0436&#8221; tab_id=&#8221;1709972305627-c7561665-92bf07f2-ab09&#8243;]\n<div class=\"wpcf7 no-js\" id=\"wpcf7-f3759-o2\" lang=\"en-US\" dir=\"ltr\">\n<div class=\"screen-reader-response\"><p role=\"status\" aria-live=\"polite\" aria-atomic=\"true\"><\/p> <ul><\/ul><\/div>\n<form action=\"\/index.php\/wp-json\/wp\/v2\/pages\/3099#wpcf7-f3759-o2\" method=\"post\" class=\"wpcf7-form init\" aria-label=\"Contact form\" novalidate=\"novalidate\" data-status=\"init\">\n<div style=\"display: none;\">\n<input type=\"hidden\" name=\"_wpcf7\" value=\"3759\" \/>\n<input type=\"hidden\" name=\"_wpcf7_version\" value=\"5.9.2\" \/>\n<input type=\"hidden\" name=\"_wpcf7_locale\" value=\"en_US\" \/>\n<input type=\"hidden\" name=\"_wpcf7_unit_tag\" value=\"wpcf7-f3759-o2\" \/>\n<input type=\"hidden\" name=\"_wpcf7_container_post\" value=\"0\" \/>\n<input type=\"hidden\" name=\"_wpcf7_posted_data_hash\" value=\"\" \/>\n<\/div>\n<p><!DOCTYPE html>\n<\/p>\n<html lang=\"tr\">\n\t<head>\n <meta charset=\"UTF-8\" \/>\n <meta name=\"viewport\" content=\"width=device-width, initial-scale=1.0\" \/>\n <link rel=\"stylesheet\" href=\"https:\/\/maxcdn.bootstrapcdn.com\/bootstrap\/4.0.0\/css\/bootstrap.min.css\" \/>\n\t<\/head>\n\t<body>\n\t\t<div class=\"container\">\n\t\t\t<div class=\"request_quote\">\n\t\t\t\t<div class=\"row\">\n\t\t\t\t\t<div class=\"col-lg-6 col-md-6 col-sm-6 col-xs-12\">\n\t\t\t\t\t\t<div class=\"input-group\">\n\t\t\t\t\t\t\t<p><input type=\"text\" id=\"name\" name=\"name\" placeholder=\"\u0418\u043c\u044f\" autocomplete=\"off\" \/>\n\t\t\t\t\t\t\t<\/p>\n\t\t\t\t\t\t<\/div>\n\t\t\t\t\t\t<div class=\"input-group\">\n\t\t\t\t\t\t\t<p><input type=\"text\" id=\"surname\" name=\"surname\" placeholder=\"\u0424\u0430\u043c\u0438\u043b\u0438\u044f\" autocomplete=\"off\" \/>\n\t\t\t\t\t\t\t<\/p>\n\t\t\t\t\t\t<\/div>\n\t\t\t\t\t\t<div class=\"input-group\">\n\t\t\t\t\t\t\t<p><input type=\"text\" id=\"phone\" name=\"phone\" placeholder=\"\u041d\u043e\u043c\u0435\u0440 \u0442\u0435\u043b\u0435\u0444\u043e\u043d\u0430\n\" autocomplete=\"off\" \/>\n\t\t\t\t\t\t\t<\/p>\n\t\t\t\t\t\t<\/div>\n\t\t\t\t\t<\/div>\n\t\t\t\t\t<div class=\"col-lg-6 col-md-6 col-sm-6 col-xs-12\">\n\t\t\t\t\t\t<div class=\"input-group\">\n\t\t\t\t\t\t\t<p><input type=\"email\" id=\"email\" name=\"email\" placeholder=\"\u042d\u043b\u0435\u043a\u0442\u0440\u043e\u043d\u043d\u0430\u044f \u043f\u043e\u0447\u0442\u0430\n\" autocomplete=\"off\" \/>\n\t\t\t\t\t\t\t<\/p>\n\t\t\t\t\t\t<\/div>\n\t\t\t\t\t\t<div class=\"input-group\">\n\t\t\t\t\t\t\t<p><textarea id=\"message\" name=\"message\" placeholder=\"\u0421\u043e\u043e\u0431\u0449\u0435\u043d\u0438\u0435\" autocomplete=\"off\"><\/textarea>\n\t\t\t\t\t\t\t<\/p>\n\t\t\t\t\t\t<\/div>\n\t\t\t\t\t\t<div class=\"input-group\">\n\t\t\t\t\t\t\t<p><button class=\"button size-sm fullwidth black-text theme-wpcf7-submit\" onclick=\"sendEmail()\">\u041e\u0442\u043f\u0440\u0430\u0432\u0438\u0442\u044c<i class=\"stm-arrow-next\"><\/i><\/button>\n\t\t\t\t\t\t\t<\/p>\n\t\t\t\t\t\t<\/div>\n\t\t\t\t\t<\/div>\n\t\t\t\t<\/div>\n\t\t\t<\/div>\n\t\t<\/div>\n\t\t<p><script>\n function sendEmail() {\n \/\/ Form verilerini al\n var name = document.getElementById(\"name\").value;\n var surname = document.getElementById(\"surname\").value;\n var phone = document.getElementById(\"phone\").value;\n var email = document.getElementById(\"email\").value;\n var message = document.getElementById(\"message\").value;\n\n \/\/ Bo\u015f alan kontrol\u00fc yap\n if (name === '' || surname === '' || phone === '' || email === '' || message === '') {\n alert(\"L\u00fctfen t\u00fcm alanlar\u0131 doldurun.\");\n return;\n }\n\n \/\/ Form verilerini i\u015fle ve mail g\u00f6nder\n \/\/ ...\n }\n <\/script>\n\t\t<\/p>\n\t<\/body>\n<\/html><p style=\"display: none !important;\" class=\"akismet-fields-container\" data-prefix=\"_wpcf7_ak_\"><label>&#916;<textarea name=\"_wpcf7_ak_hp_textarea\" cols=\"45\" rows=\"8\" maxlength=\"100\"><\/textarea><\/label><input type=\"hidden\" id=\"ak_js_2\" name=\"_wpcf7_ak_js\" value=\"135\"\/><script>document.getElementById( \"ak_js_2\" ).setAttribute( \"value\", ( new Date() ).getTime() );<\/script><\/p><div class=\"wpcf7-response-output\" aria-hidden=\"true\"><\/div>\n<\/form>\n<\/div>\n[\/vc_tta_section][vc_tta_section title=&#8221;\u041e\u0442\u0434\u0435\u043b \u0431\u0443\u0445\u0433\u0430\u043b\u0442\u0435\u0440\u0441\u043a\u043e\u0433\u043e \u0443\u0447\u0435\u0442\u0430&#8221; tab_id=&#8221;1709972405877-f04c91a7-74c207f2-ab09&#8243;]\n<div class=\"wpcf7 no-js\" id=\"wpcf7-f3761-o3\" lang=\"en-US\" dir=\"ltr\">\n<div class=\"screen-reader-response\"><p role=\"status\" aria-live=\"polite\" aria-atomic=\"true\"><\/p> <ul><\/ul><\/div>\n<form action=\"\/index.php\/wp-json\/wp\/v2\/pages\/3099#wpcf7-f3761-o3\" method=\"post\" class=\"wpcf7-form init\" aria-label=\"Contact form\" novalidate=\"novalidate\" data-status=\"init\">\n<div style=\"display: none;\">\n<input type=\"hidden\" name=\"_wpcf7\" value=\"3761\" \/>\n<input type=\"hidden\" name=\"_wpcf7_version\" value=\"5.9.2\" \/>\n<input type=\"hidden\" name=\"_wpcf7_locale\" value=\"en_US\" \/>\n<input type=\"hidden\" name=\"_wpcf7_unit_tag\" value=\"wpcf7-f3761-o3\" \/>\n<input type=\"hidden\" name=\"_wpcf7_container_post\" value=\"0\" \/>\n<input type=\"hidden\" name=\"_wpcf7_posted_data_hash\" value=\"\" \/>\n<\/div>\n<p><!DOCTYPE html>\n<\/p>\n<html lang=\"tr\">\n\t<head>\n <meta charset=\"UTF-8\" \/>\n <meta name=\"viewport\" content=\"width=device-width, initial-scale=1.0\" \/>\n <link rel=\"stylesheet\" href=\"https:\/\/maxcdn.bootstrapcdn.com\/bootstrap\/4.0.0\/css\/bootstrap.min.css\" \/>\n\t<\/head>\n\t<body>\n\t\t<div class=\"container\">\n\t\t\t<div class=\"request_quote\">\n\t\t\t\t<div class=\"row\">\n\t\t\t\t\t<div class=\"col-lg-6 col-md-6 col-sm-6 col-xs-12\">\n\t\t\t\t\t\t<div class=\"input-group\">\n\t\t\t\t\t\t\t<p><input type=\"text\" id=\"name\" name=\"name\" placeholder=\"\u0418\u043c\u044f\" autocomplete=\"off\" \/>\n\t\t\t\t\t\t\t<\/p>\n\t\t\t\t\t\t<\/div>\n\t\t\t\t\t\t<div class=\"input-group\">\n\t\t\t\t\t\t\t<p><input type=\"text\" id=\"surname\" name=\"surname\" placeholder=\"\u0424\u0430\u043c\u0438\u043b\u0438\u044f\" autocomplete=\"off\" \/>\n\t\t\t\t\t\t\t<\/p>\n\t\t\t\t\t\t<\/div>\n\t\t\t\t\t\t<div class=\"input-group\">\n\t\t\t\t\t\t\t<p><input type=\"text\" id=\"phone\" name=\"phone\" placeholder=\"\u041d\u043e\u043c\u0435\u0440 \u0442\u0435\u043b\u0435\u0444\u043e\u043d\u0430\n\" autocomplete=\"off\" \/>\n\t\t\t\t\t\t\t<\/p>\n\t\t\t\t\t\t<\/div>\n\t\t\t\t\t<\/div>\n\t\t\t\t\t<div class=\"col-lg-6 col-md-6 col-sm-6 col-xs-12\">\n\t\t\t\t\t\t<div class=\"input-group\">\n\t\t\t\t\t\t\t<p><input type=\"email\" id=\"email\" name=\"email\" placeholder=\"\u042d\u043b\u0435\u043a\u0442\u0440\u043e\u043d\u043d\u0430\u044f \u043f\u043e\u0447\u0442\u0430\n\" autocomplete=\"off\" \/>\n\t\t\t\t\t\t\t<\/p>\n\t\t\t\t\t\t<\/div>\n\t\t\t\t\t\t<div class=\"input-group\">\n\t\t\t\t\t\t\t<p><textarea id=\"message\" name=\"message\" placeholder=\"\u0421\u043e\u043e\u0431\u0449\u0435\u043d\u0438\u0435\" autocomplete=\"off\"><\/textarea>\n\t\t\t\t\t\t\t<\/p>\n\t\t\t\t\t\t<\/div>\n\t\t\t\t\t\t<div class=\"input-group\">\n\t\t\t\t\t\t\t<p><button class=\"button size-sm fullwidth black-text theme-wpcf7-submit\" onclick=\"sendEmail()\">\u041e\u0442\u043f\u0440\u0430\u0432\u0438\u0442\u044c <i class=\"stm-arrow-next\"><\/i><\/button>\n\t\t\t\t\t\t\t<\/p>\n\t\t\t\t\t\t<\/div>\n\t\t\t\t\t<\/div>\n\t\t\t\t<\/div>\n\t\t\t<\/div>\n\t\t<\/div>\n\t\t<p><script>\n function sendEmail() {\n \/\/ Form verilerini al\n var name = document.getElementById(\"name\").value;\n var surname = document.getElementById(\"surname\").value;\n var phone = document.getElementById(\"phone\").value;\n var email = document.getElementById(\"email\").value;\n var message = document.getElementById(\"message\").value;\n\n \/\/ Bo\u015f alan kontrol\u00fc yap\n if (name === '' || surname === '' || phone === '' || email === '' || message === '') {\n alert(\"L\u00fctfen t\u00fcm alanlar\u0131 doldurun.\");\n return;\n }\n\n \/\/ Form verilerini i\u015fle ve mail g\u00f6nder\n \/\/ ...\n }\n <\/script>\n\t\t<\/p>\n\t<\/body>\n<\/html><p style=\"display: none !important;\" class=\"akismet-fields-container\" data-prefix=\"_wpcf7_ak_\"><label>&#916;<textarea name=\"_wpcf7_ak_hp_textarea\" cols=\"45\" rows=\"8\" maxlength=\"100\"><\/textarea><\/label><input type=\"hidden\" id=\"ak_js_3\" name=\"_wpcf7_ak_js\" value=\"115\"\/><script>document.getElementById( \"ak_js_3\" ).setAttribute( \"value\", ( new Date() ).getTime() );<\/script><\/p><div class=\"wpcf7-response-output\" aria-hidden=\"true\"><\/div>\n<\/form>\n<\/div>\n[\/vc_tta_section][vc_tta_section title=&#8221;\u041e\u0442\u0434\u0435\u043b \u043a\u0430\u0434\u0440\u043e\u0432&#8221; tab_id=&#8221;1709972407380-30b890f2-925e07f2-ab09&#8243;]\n<div class=\"wpcf7 no-js\" id=\"wpcf7-f3758-o4\" lang=\"en-US\" dir=\"ltr\">\n<div class=\"screen-reader-response\"><p role=\"status\" aria-live=\"polite\" aria-atomic=\"true\"><\/p> <ul><\/ul><\/div>\n<form action=\"\/index.php\/wp-json\/wp\/v2\/pages\/3099#wpcf7-f3758-o4\" method=\"post\" class=\"wpcf7-form init\" aria-label=\"Contact form\" novalidate=\"novalidate\" data-status=\"init\">\n<div style=\"display: none;\">\n<input type=\"hidden\" name=\"_wpcf7\" value=\"3758\" \/>\n<input type=\"hidden\" name=\"_wpcf7_version\" value=\"5.9.2\" \/>\n<input type=\"hidden\" name=\"_wpcf7_locale\" value=\"en_US\" \/>\n<input type=\"hidden\" name=\"_wpcf7_unit_tag\" value=\"wpcf7-f3758-o4\" \/>\n<input type=\"hidden\" name=\"_wpcf7_container_post\" value=\"0\" \/>\n<input type=\"hidden\" name=\"_wpcf7_posted_data_hash\" value=\"\" \/>\n<\/div>\n<p><!DOCTYPE html>\n<\/p>\n<html lang=\"tr\">\n\t<head>\n <meta charset=\"UTF-8\" \/>\n <meta name=\"viewport\" content=\"width=device-width, initial-scale=1.0\" \/>\n <link rel=\"stylesheet\" href=\"https:\/\/maxcdn.bootstrapcdn.com\/bootstrap\/4.0.0\/css\/bootstrap.min.css\" \/>\n\t<\/head>\n\t<body>\n\t\t<div class=\"container\">\n\t\t\t<div class=\"request_quote\">\n\t\t\t\t<div class=\"row\">\n\t\t\t\t\t<div class=\"col-lg-6 col-md-6 col-sm-6 col-xs-12\">\n\t\t\t\t\t\t<div class=\"input-group\">\n\t\t\t\t\t\t\t<p><input type=\"text\" id=\"name\" name=\"name\" placeholder=\"\u0418\u043c\u044f\" autocomplete=\"off\" \/>\n\t\t\t\t\t\t\t<\/p>\n\t\t\t\t\t\t<\/div>\n\t\t\t\t\t\t<div class=\"input-group\">\n\t\t\t\t\t\t\t<p><input type=\"text\" id=\"surname\" name=\"surname\" placeholder=\"\u0424\u0430\u043c\u0438\u043b\u0438\u044f\" autocomplete=\"off\" \/>\n\t\t\t\t\t\t\t<\/p>\n\t\t\t\t\t\t<\/div>\n\t\t\t\t\t\t<div class=\"input-group\">\n\t\t\t\t\t\t\t<p><input type=\"text\" id=\"phone\" name=\"phone\" placeholder=\"\u041d\u043e\u043c\u0435\u0440 \u0442\u0435\u043b\u0435\u0444\u043e\u043d\u0430\n\" autocomplete=\"off\" \/>\n\t\t\t\t\t\t\t<\/p>\n\t\t\t\t\t\t<\/div>\n\t\t\t\t\t<\/div>\n\t\t\t\t\t<div class=\"col-lg-6 col-md-6 col-sm-6 col-xs-12\">\n\t\t\t\t\t\t<div class=\"input-group\">\n\t\t\t\t\t\t\t<p><input type=\"email\" id=\"email\" name=\"email\" placeholder=\"\t\u042d\u043b\u0435\u043a\u0442\u0440\u043e\u043d\u043d\u0430\u044f \u043f\u043e\u0447\u0442\u0430\" autocomplete=\"off\" \/>\n\t\t\t\t\t\t\t<\/p>\n\t\t\t\t\t\t<\/div>\n\t\t\t\t\t\t<div class=\"input-group\">\n\t\t\t\t\t\t\t<p><textarea id=\"message\" name=\"message\" placeholder=\"\u0421\u043e\u043e\u0431\u0449\u0435\u043d\u0438\u0435\" autocomplete=\"off\"><\/textarea>\n\t\t\t\t\t\t\t<\/p>\n\t\t\t\t\t\t<\/div>\n\t\t\t\t\t\t<div class=\"input-group\">\n\t\t\t\t\t\t\t<p><button class=\"button size-sm fullwidth black-text theme-wpcf7-submit\" onclick=\"sendEmail()\">\u041e\u0442\u043f\u0440\u0430\u0432\u0438\u0442\u044c <i class=\"stm-arrow-next\"><\/i><\/button>\n\t\t\t\t\t\t\t<\/p>\n\t\t\t\t\t\t<\/div>\n\t\t\t\t\t<\/div>\n\t\t\t\t<\/div>\n\t\t\t<\/div>\n\t\t<\/div>\n\t\t<p><script>\n function sendEmail() {\n \/\/ Form verilerini al\n var name = document.getElementById(\"name\").value;\n var surname = document.getElementById(\"surname\").value;\n var phone = document.getElementById(\"phone\").value;\n var email = document.getElementById(\"email\").value;\n var message = document.getElementById(\"message\").value;\n\n \/\/ Bo\u015f alan kontrol\u00fc yap\n if (name === '' || surname === '' || phone === '' || email === '' || message === '') {\n alert(\"L\u00fctfen t\u00fcm alanlar\u0131 doldurun.\");\n return;\n }\n\n \/\/ Form verilerini i\u015fle ve mail g\u00f6nder\n \/\/ ...\n }\n <\/script>\n\t\t<\/p>\n\t<\/body>\n<\/html><p style=\"display: none !important;\" class=\"akismet-fields-container\" data-prefix=\"_wpcf7_ak_\"><label>&#916;<textarea name=\"_wpcf7_ak_hp_textarea\" cols=\"45\" rows=\"8\" maxlength=\"100\"><\/textarea><\/label><input type=\"hidden\" id=\"ak_js_4\" name=\"_wpcf7_ak_js\" value=\"138\"\/><script>document.getElementById( \"ak_js_4\" ).setAttribute( \"value\", ( new Date() ).getTime() );<\/script><\/p><div class=\"wpcf7-response-output\" aria-hidden=\"true\"><\/div>\n<\/form>\n<\/div>\n[\/vc_tta_section][\/vc_tta_tabs][\/vc_column][\/vc_row][vc_row full_width=&#8221;stretch_row_content_no_spaces&#8221; css=&#8221;.vc_custom_1447738052361{margin-bottom: 0px !important;}&#8221;][vc_column][vc_gmaps link=&#8221;#E-8_JTNDaWZyYW1lJTIwc3JjJTNEJTIyaHR0cHMlM0ElMkYlMkZ3d3cuZ29vZ2xlLmNvbSUyRm1hcHMlMkZkJTJGdSUyRjElMkZlbWJlZCUzRm1pZCUzRDFoZWNmb1dleTNxbVlIZTRUaldhSmJHLXY3Q3BuTzAwJTI2ZWhiYyUzRDJFMzEyRiUyNm5vcHJvZiUzRDElMjIlMjB3aWR0aCUzRCUyMjY0MCUyMiUyMGhlaWdodCUzRCUyMjQ4MCUyMiUzRSUzQyUyRmlmcmFtZSUzRQ==&#8221; size=&#8221;450px&#8221; css=&#8221;.vc_custom_1709923588619{border-radius: 35px !important;}&#8221; el_class=&#8221;metin&#8221;][\/vc_column][\/vc_row]<\/p>\n<\/div>","protected":false},"excerpt":{"rendered":"<p>[vc_row css=&#8221;.vc_custom_1449207080478{margin-bottom: 60px !important;}&#8221;][vc_column offset=&#8221;vc_col-lg-4 vc_col-md-4&#8243; css=&#8221;.vc_custom_1449207085340{margin-bottom: 30px !important;}&#8221;][vc_column_text] \u0421\u0412\u042f\u0416\u0418\u0422\u0415\u0421\u042c \u0421 \u041d\u0410\u041c\u0418 \u041f\u043e\u0436\u0430\u043b\u0443\u0439\u0441\u0442\u0430, \u0437\u0430\u043f\u043e\u043b\u043d\u0438\u0442\u0435 \u0444\u043e\u0440\u043c\u0443 \u0441\u0431\u043e\u043a\u0443, \u0447\u0442\u043e\u0431\u044b \u043f\u043e\u043b\u0443\u0447\u0438\u0442\u044c \u043f\u043e\u0434\u0440\u043e\u0431\u043d\u0443\u044e \u0438\u043d\u0444\u043e\u0440\u043c\u0430\u0446\u0438\u044e \u043e \u043d\u0430\u0448\u0435\u0439 \u043a\u043e\u043c\u043f\u0430\u043d\u0438\u0438, \u043d\u0430\u0448\u0435\u0439 \u043f\u0440\u043e\u0434\u0443\u043a\u0446\u0438\u0438 \u0438 \u044d\u0442\u0430\u043f\u0430\u0445 \u043f\u0440\u043e\u0438\u0437\u0432\u043e\u0434\u0441\u0442\u0432\u0430.[\/vc_column_text][\/vc_column][vc_column offset=&#8221;vc_col-lg-8 vc_col-md-8&#8243; css=&#8221;.vc_custom_1709584729259{margin-bottom: 45px !important;padding-top:&#8230;<\/p>\n","protected":false},"author":1,"featured_media":0,"parent":0,"menu_order":0,"comment_status":"closed","ping_status":"closed","template":"","meta":{"om_disable_all_campaigns":false,"inline_featured_image":false,"_monsterinsights_skip_tracking":false,"_monsterinsights_sitenote_active":false,"_monsterinsights_sitenote_note":"","_monsterinsights_sitenote_category":0,"_uf_show_specific_survey":0,"_uf_disable_surveys":false,"footnotes":""},"class_list":["post-3099","page","type-page","status-publish","hentry"],"_links":{"self":[{"href":"https:\/\/sahinbalikcilik.com.tr\/index.php\/wp-json\/wp\/v2\/pages\/3099","targetHints":{"allow":["GET"]}}],"collection":[{"href":"https:\/\/sahinbalikcilik.com.tr\/index.php\/wp-json\/wp\/v2\/pages"}],"about":[{"href":"https:\/\/sahinbalikcilik.com.tr\/index.php\/wp-json\/wp\/v2\/types\/page"}],"author":[{"embeddable":true,"href":"https:\/\/sahinbalikcilik.com.tr\/index.php\/wp-json\/wp\/v2\/users\/1"}],"replies":[{"embeddable":true,"href":"https:\/\/sahinbalikcilik.com.tr\/index.php\/wp-json\/wp\/v2\/comments?post=3099"}],"version-history":[{"count":3,"href":"https:\/\/sahinbalikcilik.com.tr\/index.php\/wp-json\/wp\/v2\/pages\/3099\/revisions"}],"predecessor-version":[{"id":3766,"href":"https:\/\/sahinbalikcilik.com.tr\/index.php\/wp-json\/wp\/v2\/pages\/3099\/revisions\/3766"}],"wp:attachment":[{"href":"https:\/\/sahinbalikcilik.com.tr\/index.php\/wp-json\/wp\/v2\/media?parent=3099"}],"curies":[{"name":"wp","href":"https:\/\/api.w.org\/{rel}","templated":true}]}}