{"id":2902,"date":"2024-03-13T10:55:53","date_gmt":"2024-03-13T10:55:53","guid":{"rendered":"https:\/\/sahinbalikcilik.com.tr\/?page_id=2902"},"modified":"2024-03-13T17:56:30","modified_gmt":"2024-03-13T17:56:30","slug":"cuttlefish","status":"publish","type":"page","link":"https:\/\/sahinbalikcilik.com.tr\/index.php\/en\/cuttlefish\/","title":{"rendered":"CUTTLEFISH"},"content":{"rendered":"<div class=\"wpb-content-wrapper\"><p>[vc_row][vc_column width=&#8221;1\/2&#8243;][vc_column_text]\t\t<div class=\"fotorama responsive-image-silder\"\r\n\t\t\tdata-width=100%\t\t\t\t\t\t\t\t\tdata-height=\"\"\t\t\t\t\t\t\t\t\t\t\t\t\t\t\t\t\t\tdata-nav=thumbs\t\t\t\t\t\tdata-navposition=bottom\t\t\t\t\t\t\t\t\t\t\t\tdata-thumbborderwidth=3\t\t\tdata-allowfullscreen=true\t\t\tdata-fit=cover\t\t\tdata-thumbfit=cover\t\t\tdata-transition=crossfade\t\t\tdata-click=true\t\t\tdata-transitionduration=300\t\t\tfalse\t\t\ttitle\t\t\tdata-hash=false\t\t\tdata-autoplay=true\t\t\tdata-stopautoplayontouch=false\t\t\tdata-loop=true\t\t\tdata-keyboard=true\t\t\tdata-arrows=true\t\t\tdata-click=true\t\t\tdata-swipe=true\t\t\tdata-trackpad=true\t\t\tdata-shuffle=false\t\t\tdata-direction=ltr\t\t\tdata-spinner=true\t\t\t>\r\n\t\t\t<img decoding=\"async\" src=\"https:\/\/sahinbalikcilik.com.tr\/wp-content\/uploads\/2024\/03\/murekkep-baligi-1.webp\" data-caption=\"\" alt=\"mu\u0308rekkep bal\u0131g\u0306\u0131\"><img decoding=\"async\" src=\"https:\/\/sahinbalikcilik.com.tr\/wp-content\/uploads\/2024\/03\/midye-02-2.webp\" data-caption=\"\" alt=\"m\u00fcrekkep bal\u0131\u011f\u0131 2\"><img decoding=\"async\" src=\"https:\/\/sahinbalikcilik.com.tr\/wp-content\/uploads\/2024\/03\/midye-03-2.webp\" data-caption=\"\" alt=\"m\u00fcrekkep bal\u0131\u011f\u0131 03\"><img decoding=\"async\" src=\"https:\/\/sahinbalikcilik.com.tr\/wp-content\/uploads\/2024\/03\/midye-04-2.webp\" data-caption=\"\" alt=\"m\u00fcrekkep bal\u0131\u011f\u0131-04\"><img decoding=\"async\" src=\"https:\/\/sahinbalikcilik.com.tr\/wp-content\/uploads\/2024\/03\/midye-05-2.webp\" data-caption=\"\" alt=\"m\u00fcrekkep bal\u0131\u011f\u0131-05\"><img decoding=\"async\" src=\"https:\/\/sahinbalikcilik.com.tr\/wp-content\/uploads\/2024\/03\/midye-06-1.webp\" data-caption=\"\" alt=\"m\u00fcrekkep bal\u0131\u011f\u0131-06\">\t\t<\/div>\r\n\t\t\t<!-- HTML Script Part Start From Here-->\r\n\t<script>\r\n\tjQuery(document).ready(function() {\r\n\t\tjQuery(function () {\r\n\t\t\tjQuery('.responsive-image-silder').fotorama({\r\n\t\t\t\tspinner: {\r\n\t\t\t\t\tlines: 13,\r\n\t\t\t\t\tcolor: 'rgba(0, 0, 0, .75)',\r\n\t\t\t\t\tclassName: 'fotorama',\r\n\t\t\t\t},\r\n\t\t\t\t\t\t\t\tautoplay : 5000,\r\n\t\t\t\t\t\t\t});\r\n\t\t});\r\n\t\t\r\n\t\tjQuery('.fotorama__stage').addClass('hvr-grow');\r\n\t});\r\n\t<\/script>\r\n\t[\/vc_column_text][vc_empty_space height=&#8221;10px&#8221;][\/vc_column][vc_column width=&#8221;1\/2&#8243;][vc_column_text]<strong>Commercial Name:<\/strong> Cuttlefish<\/p>\n<p><strong>Latin Name:<\/strong> Sepia officinalis<\/p>\n<p><strong>Family:<\/strong> Sepiidae<\/p>\n<p><strong>Fishing Area:<\/strong> The Food and Agriculture Organization (FAO) 37.3.1<\/p>\n<p><strong>Fishing Method:<\/strong> Purse Seiner<\/p>\n<p><strong>Fishing Season:<\/strong> November &#8211; April<\/p>\n<p><strong>Supply Capacity:<\/strong> 100 metric tons annually<\/p>\n<p><strong>Product Type:<\/strong> Whole round, Tubes, Rings and Tentacle<\/p>\n<p><strong>Frozen Range:<\/strong> Block or Individual Quick Frozen (IQF)<\/p>\n<p><strong>Glazing:<\/strong> 5, 10, 20% or as requested<\/p>\n<p><strong>Package Type: <\/strong>500g \u2013 20kg PP, PE plastic bags, tray or Kraft cartoon box or as requested<\/p>\n<p><strong>Nutritional Values:\u00a0 <\/strong>100g Calori: 72g, Fat: 1g, NFE: 0g, Protein: 14g[\/vc_column_text][\/vc_column][\/vc_row][vc_row][vc_column][vc_empty_space][\/vc_column][\/vc_row]<\/p>\n<\/div>","protected":false},"excerpt":{"rendered":"<p>[vc_row][vc_column width=&#8221;1\/2&#8243;][vc_column_text][\/vc_column_text][vc_empty_space height=&#8221;10px&#8221;][\/vc_column][vc_column width=&#8221;1\/2&#8243;][vc_column_text]Commercial Name: Cuttlefish Latin Name: Sepia officinalis Family: Sepiidae Fishing Area: The Food and Agriculture Organization (FAO) 37.3.1 Fishing Method: Purse Seiner Fishing Season: November &#8211; April Supply Capacity: 100&#8230;<\/p>\n","protected":false},"author":1,"featured_media":0,"parent":0,"menu_order":0,"comment_status":"closed","ping_status":"closed","template":"","meta":{"om_disable_all_campaigns":false,"inline_featured_image":false,"_monsterinsights_skip_tracking":false,"_monsterinsights_sitenote_active":false,"_monsterinsights_sitenote_note":"","_monsterinsights_sitenote_category":0,"_uf_show_specific_survey":0,"_uf_disable_surveys":false,"footnotes":""},"class_list":["post-2902","page","type-page","status-publish","hentry"],"_links":{"self":[{"href":"https:\/\/sahinbalikcilik.com.tr\/index.php\/wp-json\/wp\/v2\/pages\/2902","targetHints":{"allow":["GET"]}}],"collection":[{"href":"https:\/\/sahinbalikcilik.com.tr\/index.php\/wp-json\/wp\/v2\/pages"}],"about":[{"href":"https:\/\/sahinbalikcilik.com.tr\/index.php\/wp-json\/wp\/v2\/types\/page"}],"author":[{"embeddable":true,"href":"https:\/\/sahinbalikcilik.com.tr\/index.php\/wp-json\/wp\/v2\/users\/1"}],"replies":[{"embeddable":true,"href":"https:\/\/sahinbalikcilik.com.tr\/index.php\/wp-json\/wp\/v2\/comments?post=2902"}],"version-history":[{"count":2,"href":"https:\/\/sahinbalikcilik.com.tr\/index.php\/wp-json\/wp\/v2\/pages\/2902\/revisions"}],"predecessor-version":[{"id":2974,"href":"https:\/\/sahinbalikcilik.com.tr\/index.php\/wp-json\/wp\/v2\/pages\/2902\/revisions\/2974"}],"wp:attachment":[{"href":"https:\/\/sahinbalikcilik.com.tr\/index.php\/wp-json\/wp\/v2\/media?parent=2902"}],"curies":[{"name":"wp","href":"https:\/\/api.w.org\/{rel}","templated":true}]}}