{"id":2257,"date":"2024-03-08T13:09:57","date_gmt":"2024-03-08T13:09:57","guid":{"rendered":"https:\/\/sahinbalikcilik.com.tr\/?page_id=2257"},"modified":"2024-05-30T07:15:14","modified_gmt":"2024-05-30T07:15:14","slug":"our-activity-areas","status":"publish","type":"page","link":"https:\/\/sahinbalikcilik.com.tr\/index.php\/en\/our-activity-areas\/","title":{"rendered":"OUR ACTIVITY AREAS"},"content":{"rendered":"<div class=\"wpb-content-wrapper\"><p>[vc_row][vc_column width=&#8221;1\/2&#8243;][vc_column_text]&nbsp;<\/p>\n<p>&nbsp;<\/p>\n<p><strong>FISHING<\/strong><\/p>\n<p>Pelagic, mid-water and deep water products obtained through more than 100 contracted purse purse and trawler fishing boats operating in the Mediterranean, Aegean Sea and Black Sea are delivered to the end consumer through a systematic marketing channels, accompanied by a cold chain, while preserving their original freshness. Solution partner fishing boats comply with the laws and regulations of both the European Union and the Ministry of Food, Agriculture and Forestry, and all fishing operations are carried out in a sustainable format with the principle of zero waste and optimum size and quantity of fishing. \u015eahin Group, which is the main supplier of intensively produced anchovy and sardine fish, makes a significant contribution to Turkish fisheries as a implementer of sustainable fishing principles.[\/vc_column_text][\/vc_column][vc_column width=&#8221;1\/2&#8243;][vc_single_image image=&#8221;1530&#8243; img_size=&#8221;full&#8221;][\/vc_column][vc_column][vc_empty_space][\/vc_column][\/vc_row][vc_row][vc_column width=&#8221;1\/2&#8243;][vc_column_text]&nbsp;<\/p>\n<p>&nbsp;<\/p>\n<p>&nbsp;<\/p>\n<p><strong>WHOLESALES (\u0130ZM\u0130R FISH MARKET)<\/strong><\/p>\n<p>The biggest driving force in \u015eahin Group&#8217;s growth is its activities at the \u0130zmir Fish Market, where caught fishery products are marketed as wholesale. The practical reflex gained by marketing different numbers and quantities of seafood coming from more than 100 fishing vessels on the same day in a short time within the Fish Market system for 20 years has been integrated with cold storages and Processing Factory and has made \u015eahin Group the largest supplier of different species at the same time.[\/vc_column_text][\/vc_column][vc_column width=&#8221;1\/2&#8243;][vc_single_image image=&#8221;1531&#8243; img_size=&#8221;full&#8221;][\/vc_column][vc_column][vc_empty_space][\/vc_column][\/vc_row][vc_row][vc_column width=&#8221;1\/2&#8243;][vc_column_text]&nbsp;<\/p>\n<p>&nbsp;<\/p>\n<p><strong>COLD STORAGE SERVICES<\/strong><\/p>\n<p>Operating within \u015eahin Group, an important service is provided to other fish companies with the cold storages with the largest volume (21750 m3) near Izmir Fish Market. It is an important responsibility goal for \u015eahin Bal\u0131k\u00e7\u0131l\u0131k to preserve the freshness of not only its own products, but also the products of hundreds of companies trading in the Fish Market, without breaking the cold chain. Thus, seafood products, which are very prone to spoilage, are brought from the Fisheries Market, preserved, and delivered to the tables without losing their freshness.[\/vc_column_text][\/vc_column][vc_column width=&#8221;1\/2&#8243;][vc_single_image image=&#8221;3726&#8243; img_size=&#8221;full&#8221;][\/vc_column][vc_column][vc_empty_space][\/vc_column][\/vc_row][vc_row][vc_column width=&#8221;1\/2&#8243;][vc_column_text]<strong>PROCESSING AND PACKAGING FACTORY<\/strong><\/p>\n<p>The Fish Processing and Packaging Factory within \u015eahin Group is located in the Fish Market area in Buca District of Izmir Province. Our facility complies with national and international food safety criteria (Turkish Food Codex Regulation and Codex Alimentaris Commission) and has a health approval number from the EU. \u015eahin Group, which guarantees that the cold chain is protected all the way to the table, has ISO 9001 Quality and HACCP and ISO 22000 Food Safety Management System standards certificates.<br \/>\nProducts accepted to the Processing and Packaging Factory are sized and packaged according to the desired dimensions. Gutted or filleted products and all other seafood products are packaged and stored freshly, chilled or frozen according to demand. Packaging processes are carried out in fresh, frozen, MAP (Modified Atmosphere Packed) and boxed forms.<br \/>\nAll production stages are controlled and recorded by the responsible Fisheries Engineers and Food Engineers. Hard styrofoam (EPS) boxes are used for fresh products in the facility. Cartoon boxes with food safety certificates are used for frozen products.[\/vc_column_text][\/vc_column][vc_column width=&#8221;1\/2&#8243;][vc_single_image image=&#8221;1536&#8243; img_size=&#8221;full&#8221;][\/vc_column][vc_column][vc_empty_space][\/vc_column][\/vc_row][vc_row][vc_column width=&#8221;1\/2&#8243;][vc_column_text]&nbsp;<\/p>\n<p>&nbsp;<\/p>\n<p><strong>MUSSEL FARM<\/strong><\/p>\n<p class=\"p1\">In 2023, a black mussel farm with a capacity of 1000 tons was put into operation in the \u00d6zbek town of Urla district of \u0130zmir province, on an area of 10000 m2 with optimum water quality, and black mussel production is carried out with high efficiency. Mussels that reach the harvest stage are sorted and packaged in modernized operation boats and is offered to the domestic market. At the same time, mussel meat, which is heat treated in the boiling unit at the processing facility within \u015eahin Group, is packaged and exported in a frozen form.<\/p>\n<p>[\/vc_column_text][\/vc_column][vc_column width=&#8221;1\/2&#8243;][vc_single_image image=&#8221;2344&#8243; img_size=&#8221;full&#8221;][\/vc_column][vc_column][vc_empty_space][\/vc_column][\/vc_row][vc_row][vc_column width=&#8221;1\/2&#8243;][vc_column_text]&nbsp;<\/p>\n<p>&nbsp;<\/p>\n<p>&nbsp;<\/p>\n<p>&nbsp;<\/p>\n<p><strong>FISHMATE (PARTNER COMPANY)<\/strong><\/p>\n<p>All our products produced within \u015eahin Group are distributed fresh or frozen throughout Europe through our partner company Fishmate, which was established in Belgium in 2023.[\/vc_column_text][\/vc_column][vc_column width=&#8221;1\/2&#8243;][vc_single_image image=&#8221;2400&#8243; img_size=&#8221;full&#8221;][\/vc_column][\/vc_row]<\/p>\n<\/div>","protected":false},"excerpt":{"rendered":"<p>[vc_row][vc_column width=&#8221;1\/2&#8243;][vc_column_text]&nbsp; &nbsp; FISHING Pelagic, mid-water and deep water products obtained through more than 100 contracted purse purse and trawler fishing boats operating in the Mediterranean, Aegean Sea and Black Sea are delivered&#8230;<\/p>\n","protected":false},"author":3,"featured_media":0,"parent":0,"menu_order":0,"comment_status":"closed","ping_status":"closed","template":"","meta":{"om_disable_all_campaigns":false,"inline_featured_image":false,"_monsterinsights_skip_tracking":false,"_monsterinsights_sitenote_active":false,"_monsterinsights_sitenote_note":"","_monsterinsights_sitenote_category":0,"_uf_show_specific_survey":0,"_uf_disable_surveys":false,"footnotes":""},"class_list":["post-2257","page","type-page","status-publish","hentry"],"_links":{"self":[{"href":"https:\/\/sahinbalikcilik.com.tr\/index.php\/wp-json\/wp\/v2\/pages\/2257","targetHints":{"allow":["GET"]}}],"collection":[{"href":"https:\/\/sahinbalikcilik.com.tr\/index.php\/wp-json\/wp\/v2\/pages"}],"about":[{"href":"https:\/\/sahinbalikcilik.com.tr\/index.php\/wp-json\/wp\/v2\/types\/page"}],"author":[{"embeddable":true,"href":"https:\/\/sahinbalikcilik.com.tr\/index.php\/wp-json\/wp\/v2\/users\/3"}],"replies":[{"embeddable":true,"href":"https:\/\/sahinbalikcilik.com.tr\/index.php\/wp-json\/wp\/v2\/comments?post=2257"}],"version-history":[{"count":14,"href":"https:\/\/sahinbalikcilik.com.tr\/index.php\/wp-json\/wp\/v2\/pages\/2257\/revisions"}],"predecessor-version":[{"id":3728,"href":"https:\/\/sahinbalikcilik.com.tr\/index.php\/wp-json\/wp\/v2\/pages\/2257\/revisions\/3728"}],"wp:attachment":[{"href":"https:\/\/sahinbalikcilik.com.tr\/index.php\/wp-json\/wp\/v2\/media?parent=2257"}],"curies":[{"name":"wp","href":"https:\/\/api.w.org\/{rel}","templated":true}]}}