{"id":1403,"date":"2024-03-01T00:15:28","date_gmt":"2024-03-01T00:15:28","guid":{"rendered":"https:\/\/sahinbalikcilik.com.tr\/?page_id=1403"},"modified":"2026-04-09T06:13:47","modified_gmt":"2026-04-09T06:13:47","slug":"vizyonumuz_ve_kalite_politikamiz","status":"publish","type":"page","link":"https:\/\/sahinbalikcilik.com.tr\/index.php\/vizyonumuz_ve_kalite_politikamiz\/","title":{"rendered":"V\u0130ZYONUMUZ VE KAL\u0130TE POL\u0130T\u0130KAMIZ"},"content":{"rendered":"<div class=\"wpb-content-wrapper\"><p>[vc_row][vc_column][vc_single_image image=&#8221;3708&#8243; img_size=&#8221;full&#8221;][vc_empty_space][\/vc_column][\/vc_row][vc_row][vc_column][vc_column_text]<\/p>\n<p class=\"p1\"><b>Vizyonumuz<\/b><\/p>\n<p class=\"p1\">Vizyonumuz, denizlerimizin zengin biyo\u00e7e\u015fitlili\u011fini koruyarak, 2030 y\u0131l\u0131na kadar, \u00fclkemizde s\u00fcrd\u00fcr\u00fclebilir bal\u0131k\u00e7\u0131l\u0131\u011f\u0131n ve su \u00fcr\u00fcnleri ihracat\u0131n\u0131n \u00f6nc\u00fclerinden olmak ve sekt\u00f6r\u00fcm\u00fczde k\u00fcresel d\u00fczeyde s\u00f6z sahibi olmakt\u0131r.<\/p>\n<p class=\"p1\"><b>Kalite Politikam\u0131z\u00a0<\/b><\/p>\n<p>\u015eahin Grup, bal\u0131k\u00e7\u0131l\u0131k ve yeti\u015ftiricilik faaliyetleri kapsam\u0131nda temin etti\u011fi t\u00fcm \u00fcr\u00fcnlerin; hammadde tedarikinden ba\u015flayarak i\u015fleme, paketleme, depolama ve sevkiyat a\u015famalar\u0131na kadar olan t\u00fcm s\u00fcre\u00e7lerde, g\u0131da g\u00fcvenli\u011fi ve hijyen gerekliliklerine uygun \u015fekilde y\u00f6netilmesini taahh\u00fct etmektedir.<\/p>\n<p>Bu do\u011frultuda kurulu\u015fumuz, FSSC 22000 G\u0131da G\u00fcvenli\u011fi Y\u00f6netim Sistemi gerekliliklerini esas alarak; tehlike analizi, kritik kontrol noktalar\u0131 (HACCP), \u00f6n gereksinim programlar\u0131 (PRP) ve operasyonel \u00f6n gereksinim programlar\u0131n\u0131 (oPRP) t\u00fcm proseslerine entegre etmekte ve etkin \u015fekilde uygulamaktad\u0131r.<\/p>\n<p>\u015eahin Grup, y\u00fcr\u00fcrl\u00fckteki yasal mevzuatlara ve m\u00fc\u015fteri \u015fartlar\u0131na tam uyum sa\u011flamay\u0131, g\u0131da g\u00fcvenli\u011fi k\u00fclt\u00fcr\u00fcn\u00fc t\u00fcm organizasyona yaymay\u0131 ve s\u00fcrekli iyile\u015ftirme yakla\u015f\u0131m\u0131 ile s\u00fcrd\u00fcr\u00fclebilir m\u00fc\u015fteri memnuniyetini sa\u011flamay\u0131 hedeflemektedir.[\/vc_column_text][vc_empty_space height=&#8221;50px&#8221;][vc_media_grid grid_id=&#8221;vc_gid:1775715192122-acb9f4ad-608a-8&#8243; include=&#8221;3900,3901,3908&#8243;][\/vc_column][\/vc_row][vc_row][vc_column width=&#8221;1\/4&#8243;][\/vc_column][vc_column width=&#8221;1\/4&#8243;][\/vc_column][vc_column width=&#8221;1\/4&#8243;][\/vc_column][vc_column width=&#8221;1\/4&#8243;][\/vc_column][\/vc_row][vc_row][vc_column width=&#8221;1\/4&#8243;][\/vc_column][vc_column width=&#8221;1\/4&#8243;][\/vc_column][vc_column width=&#8221;1\/4&#8243;][\/vc_column][\/vc_row]<\/p>\n<\/div>","protected":false},"excerpt":{"rendered":"<p>[vc_row][vc_column][vc_single_image image=&#8221;3708&#8243; img_size=&#8221;full&#8221;][vc_empty_space][\/vc_column][\/vc_row][vc_row][vc_column][vc_column_text] Vizyonumuz Vizyonumuz, denizlerimizin zengin biyo\u00e7e\u015fitlili\u011fini koruyarak, 2030 y\u0131l\u0131na kadar, \u00fclkemizde s\u00fcrd\u00fcr\u00fclebilir bal\u0131k\u00e7\u0131l\u0131\u011f\u0131n ve su \u00fcr\u00fcnleri ihracat\u0131n\u0131n \u00f6nc\u00fclerinden olmak ve sekt\u00f6r\u00fcm\u00fczde k\u00fcresel d\u00fczeyde s\u00f6z sahibi olmakt\u0131r. Kalite Politikam\u0131z\u00a0 \u015eahin Grup, bal\u0131k\u00e7\u0131l\u0131k&#8230;<\/p>\n","protected":false},"author":1,"featured_media":0,"parent":0,"menu_order":0,"comment_status":"closed","ping_status":"closed","template":"","meta":{"om_disable_all_campaigns":false,"inline_featured_image":false,"_monsterinsights_skip_tracking":false,"_monsterinsights_sitenote_active":false,"_monsterinsights_sitenote_note":"","_monsterinsights_sitenote_category":0,"_uf_show_specific_survey":0,"_uf_disable_surveys":false,"footnotes":""},"class_list":["post-1403","page","type-page","status-publish","hentry"],"_links":{"self":[{"href":"https:\/\/sahinbalikcilik.com.tr\/index.php\/wp-json\/wp\/v2\/pages\/1403","targetHints":{"allow":["GET"]}}],"collection":[{"href":"https:\/\/sahinbalikcilik.com.tr\/index.php\/wp-json\/wp\/v2\/pages"}],"about":[{"href":"https:\/\/sahinbalikcilik.com.tr\/index.php\/wp-json\/wp\/v2\/types\/page"}],"author":[{"embeddable":true,"href":"https:\/\/sahinbalikcilik.com.tr\/index.php\/wp-json\/wp\/v2\/users\/1"}],"replies":[{"embeddable":true,"href":"https:\/\/sahinbalikcilik.com.tr\/index.php\/wp-json\/wp\/v2\/comments?post=1403"}],"version-history":[{"count":38,"href":"https:\/\/sahinbalikcilik.com.tr\/index.php\/wp-json\/wp\/v2\/pages\/1403\/revisions"}],"predecessor-version":[{"id":3910,"href":"https:\/\/sahinbalikcilik.com.tr\/index.php\/wp-json\/wp\/v2\/pages\/1403\/revisions\/3910"}],"wp:attachment":[{"href":"https:\/\/sahinbalikcilik.com.tr\/index.php\/wp-json\/wp\/v2\/media?parent=1403"}],"curies":[{"name":"wp","href":"https:\/\/api.w.org\/{rel}","templated":true}]}}